{"id":984,"date":"2022-10-28T12:53:53","date_gmt":"2022-10-28T17:53:53","guid":{"rendered":"http:\/\/www.satjlo.gob.pe\/dashboard\/?page_id=984"},"modified":"2022-10-28T12:53:53","modified_gmt":"2022-10-28T17:53:53","slug":"ejecpresupuestal","status":"publish","type":"page","link":"https:\/\/www.satjlo.gob.pe\/dashboard\/ejecpresupuestal\/","title":{"rendered":"Ejecuci\u00f3n Presupuestal"},"content":{"rendered":"[vc_row][vc_column][vc_custom_heading text=\u00bbEjecuci\u00f3n Presupuestal\u00bb font_container=\u00bbtag:h1|font_size:40px|text_align:left|color:%23102c68&#8243; google_fonts=\u00bbfont_family:Open%20Sans%3A300%2C300italic%2Cregular%2Citalic%2C600%2C600italic%2C700%2C700italic%2C800%2C800italic|font_style:700%20bold%20regular%3A700%3Anormal\u00bb][vc_row_inner][vc_column_inner][vc_column_text][\/vc_column_text][vc_column_text font_family=\u00bbOpen Sans\u00bb font_size=\u00bb18px\u00bb css=\u00bb.vc_custom_1655906187001{padding-top: 20px !important;padding-bottom: 20px !important;}\u00bb]\n<iframe loading=\"lazy\" class=\"wrapper\" title=\"Funcionarios del SATCH\" src=\"https:\/\/apps5.mineco.gob.pe\/opdsingresos\/Navegador\/default.aspx?y=2022\" name=\"iframe\" width=\"100%\" height=\"500\" frameborder=\"0\" scrolling=\"auto\"><br \/>\nEsta opci\u00f3n no funcionar\u00e1 correctamente. Lamentablemente, su navegador no soporta URLs embebidas. <a href=\"https:\/\/apps5.mineco.gob.pe\/opdsingresos\/Navegador\/default.aspx?y=2022\">Haga clic Aqu\u00ed<\/a><br \/>\n<\/iframe>[\/vc_column_text][\/vc_column_inner][\/vc_row_inner][\/vc_column][\/vc_row]\n","protected":false},"excerpt":{"rendered":"<p>[vc_row][vc_column][vc_custom_heading text=\u00bbEjecuci\u00f3n Presupuestal\u00bb font_container=\u00bbtag:h1|font_size:40px|text_align:left|color:%23102c68&#8243; google_fonts=\u00bbfont_family:Open%20Sans%3A300%2C300italic%2Cregular%2Citalic%2C600%2C600italic%2C700%2C700italic%2C800%2C800italic|font_style:700%20bold%20regular%3A700%3Anormal\u00bb][vc_row_inner][vc_column_inner][vc_column_text][\/vc_column_text][vc_column_text font_family=\u00bbOpen Sans\u00bb font_size=\u00bb18px\u00bb css=\u00bb.vc_custom_1655906187001{padding-top: 20px !important;padding-bottom: 20px !important;}\u00bb] Esta opci\u00f3n no funcionar\u00e1 correctamente. Lamentablemente, su navegador no soporta URLs embebidas. Haga clic Aqu\u00ed [\/vc_column_text][\/vc_column_inner][\/vc_row_inner][\/vc_column][\/vc_row]<\/p>\n","protected":false},"author":1,"featured_media":0,"parent":0,"menu_order":0,"comment_status":"closed","ping_status":"closed","template":"templates\/no-sidebar.php","meta":{"footnotes":""},"class_list":["post-984","page","type-page","status-publish","hentry","entry","no-media"],"_links":{"self":[{"href":"https:\/\/www.satjlo.gob.pe\/dashboard\/wp-json\/wp\/v2\/pages\/984","targetHints":{"allow":["GET"]}}],"collection":[{"href":"https:\/\/www.satjlo.gob.pe\/dashboard\/wp-json\/wp\/v2\/pages"}],"about":[{"href":"https:\/\/www.satjlo.gob.pe\/dashboard\/wp-json\/wp\/v2\/types\/page"}],"author":[{"embeddable":true,"href":"https:\/\/www.satjlo.gob.pe\/dashboard\/wp-json\/wp\/v2\/users\/1"}],"replies":[{"embeddable":true,"href":"https:\/\/www.satjlo.gob.pe\/dashboard\/wp-json\/wp\/v2\/comments?post=984"}],"version-history":[{"count":4,"href":"https:\/\/www.satjlo.gob.pe\/dashboard\/wp-json\/wp\/v2\/pages\/984\/revisions"}],"predecessor-version":[{"id":992,"href":"https:\/\/www.satjlo.gob.pe\/dashboard\/wp-json\/wp\/v2\/pages\/984\/revisions\/992"}],"wp:attachment":[{"href":"https:\/\/www.satjlo.gob.pe\/dashboard\/wp-json\/wp\/v2\/media?parent=984"}],"curies":[{"name":"wp","href":"https:\/\/api.w.org\/{rel}","templated":true}]}}