{"id":777,"date":"2022-06-23T08:10:28","date_gmt":"2022-06-23T13:10:28","guid":{"rendered":"http:\/\/www.satjlo.gob.pe:8081\/dashboard\/?page_id=777"},"modified":"2025-11-04T17:18:14","modified_gmt":"2025-11-04T22:18:14","slug":"arbitrios-municipales","status":"publish","type":"page","link":"https:\/\/www.satjlo.gob.pe\/dashboard\/informacion\/arbitrios-municipales\/","title":{"rendered":"Arbitrios Municipales"},"content":{"rendered":"[vc_row][vc_column][vc_custom_heading text=\u00bbARBITRIOS MUNICIPALES\u00bb font_container=\u00bbtag:h1|font_size:40px|text_align:left|color:%23102c68&#8243; google_fonts=\u00bbfont_family:Open%20Sans%3A300%2C300italic%2Cregular%2Citalic%2C600%2C600italic%2C700%2C700italic%2C800%2C800italic|font_style:800%20bold%20regular%3A800%3Anormal\u00bb][vc_row_inner][vc_column_inner][vc_column_text font_family=\u00bbOpen Sans\u00bb font_size=\u00bb18px\u00bb css=\u00bb.vc_custom_1762294665863{padding-top: 20px !important;padding-bottom: 20px !important;}\u00bb]\n<p style=\"text-align: justify;\">Los Arbitrios Municipales son las tasas que se pagan por la prestaci\u00f3n o mantenimiento de un servicio p\u00fablico individualizado en el contribuyente.<\/p>\n<p style=\"text-align: justify;\"><span style=\"color: #003366;\"><strong>Existen 3 tipos de arbitrios:<\/strong><\/span><\/p>\n<ol>\n<li style=\"text-align: justify;\">\n<p class=\"fw-bold mb-0\"><span style=\"color: #003366;\"><strong>Arbitrio de Limpieza P\u00fablica<\/strong><\/span><\/p>\n<p>Este arbitrio se encuentra comprendido por dos tipos de servicios: Barrido de Calles y Recolecci\u00f3n de Residuos S\u00f3lidos:<\/p>\n<ul>\n<li>\n<p class=\"fw-bold mb-0\"><span style=\"color: #003366;\"><strong>Barrido de Calles:<\/strong><\/span><\/p>\n<p>Comprende el servicio de barrido de v\u00edas y espacios de dominio p\u00fablico, transporte, descarga, transferencia y disposici\u00f3n final de los desechos s\u00f3lidos correspondientes.<\/li>\n<li>\n<p class=\"fw-bold mb-0\"><span style=\"color: #003366;\"><strong>Recolecci\u00f3n de Residuos S\u00f3lidos<\/strong><\/span><\/p>\n<p class=\"mb-0\">Comprende el servicio de transporte y disposici\u00f3n final de residuos s\u00f3lidos.<\/p>\n<p>Los\u00a0<strong>residuos s\u00f3lidos<\/strong>\u00a0se definen a todo material que proviniendo de actividades humanas y econ\u00f3micas, es desechado como desperdicio o basura, generados por las unidades econ\u00f3micas, que comprende desde la familia hasta las grandes industrias, las cuales sienten la necesidad de deshacerse de ellos de modo tal que, dichos residuos proceden se servicios y actividades de consumo, que junto a los residuos de los hogares, incluyen materiales tan heterog\u00e9neos, como animales muertos, neum\u00e1ticos viejos, enseres caseros desechados, residuos industriales, hospitalarios, etc.<\/li>\n<\/ul>\n<\/li>\n<li style=\"text-align: justify;\">\n<p class=\"fw-bold mb-0\"><span style=\"color: #003366;\"><strong>Arbitrio de Parques y Jardines P\u00fablicos<\/strong><\/span><\/p>\n<p>El arbitrio de Parques y Jardines P\u00fablicos, comprende el cobro de los servicios de implementaci\u00f3n, recuperaci\u00f3n, mantenimiento y mejoras de Parques y Jardines de uso y dominio p\u00fablico, recolecci\u00f3n de maleza de origen p\u00fablico, transporte y disposici\u00f3n final.<\/li>\n<li>\n<p class=\"fw-bold mb-0\" style=\"text-align: justify;\"><span style=\"color: #000080;\"><strong>Arbitrio de Serenazgo<\/strong><\/span><\/p>\n<p style=\"text-align: justify;\">El arbitrio de Serenazgo comprende el cobro de los servicios por el mantenimiento y mejora del servicio de vigilancia p\u00fablica y atenci\u00f3n de emergencias, en procura de la seguridad ciudadana.<\/p>\n<\/li>\n<\/ol>\n[\/vc_column_text][vc_column_text font_family=\u00bbOpen Sans\u00bb font_size=\u00bb18px\u00bb css=\u00bb.vc_custom_1762294691303{padding-top: 20px !important;padding-bottom: 20px !important;}\u00bb]\n<p style=\"text-align: justify;\"><span style=\"color: #003366;\"><strong>Est\u00e1n obligados a pagar:<\/strong><\/span><\/p>\n<p class=\"mb-1 fw-bold\" style=\"text-align: justify;\"><span style=\"color: #003366;\"><strong>En calidad de contribuyentes:<\/strong><\/span><\/p>\n<ul style=\"text-align: justify;\">\n<li>Las personas naturales o jur\u00eddicas propietarias de los predios, cualquiera sea su naturaleza.<\/li>\n<li>Los titulares de concesiones otorgadas al amparo del Decreto Supremo N\u00ba 059-96-PCM , Texto \u00danico Ordenado de las normas con rango de Ley que regulan la entrega en concesi\u00f3n al sector privado de las obras p\u00fablicas de infraestructura y de servicios p\u00fablicos, sus normas modificatorias, ampliatorias y reglamentarias, respecto de los predios que se les hubiesen entregado en concesi\u00f3n, durante el tiempo de vigencia del contrato. Las personas naturales o jur\u00eddicas propietarias de los predios, cualquiera sea su naturaleza. Cualquiera de los cond\u00f3minos salvo que se comunique a la respectiva Municipalidad el nombre de los cond\u00f3minos y la participaci\u00f3n que a cada uno corresponda. Los cond\u00f3minos son responsables solidarios del pago del impuesto que recaiga sobre el predio, pudiendo exigirse a cualquiera de ellos el pago total.<\/li>\n<li>Cualquiera de los cond\u00f3minos salvo que se comunique a la respectiva Municipalidad el nombre de los cond\u00f3minos y la participaci\u00f3n que a cada uno corresponda. Los cond\u00f3minos son responsables solidarios del pago del impuesto que recaiga sobre el predio, pudiendo exigirse a cualquiera de ellos el pago total.<\/li>\n<\/ul>\n<p class=\"mb-1 fw-bold\" style=\"text-align: justify;\"><span style=\"color: #003366;\"><strong>En calidad de responsables:<\/strong><\/span><\/p>\n<ul>\n<li style=\"text-align: justify;\">Los poseedores o tenedores, a cualquier t\u00edtulo, de los predios afectos, cuando la existencia del propietario no pudiera ser determinada y sin perjuicio de su derecho a reclamar el pago a los respectivos contribuyentes.<\/li>\n<\/ul>\n[\/vc_column_text][\/vc_column_inner][\/vc_row_inner][vc_row_inner][vc_column_inner width=\u00bb1\/2&#8243;]<div class=\"vcex-module vcex-icon-box vcex-icon-box-two wpex-relative vcex-icon-box-wo-icon wpex-text-center\"><div class=\"vcex-icon-box-text\"><h2 class=\"vcex-icon-box-heading wpex-heading wpex-text-md wpex-mb-10\" style=\"font-family:&#039;Open Sans&#039;,sans-serif;font-weight:900;color:#102c68;font-size:20px;\">Sujetos Pasivos de los Arbitrios Municipales:<\/h2><div class=\"vcex-icon-box-content wpex-last-mb-0 wpex-clr\" style=\"color:#000000;font-size:18px;\"><p class=\"mb-3\" style=\"text-align: justify\">Son sujetos pasivos para el pago de la tasa de Limpieza P\u00fablica, Mantenimiento de Parques y Jardines y por Serenazgo, aquellos propietarios de inmuebles urbanos que se encuentren ubicadas en la jurisdicci\u00f3n del distrito de Jos\u00e9 Leonardo Ortiz.<\/p>\n<\/div><\/div><\/div>[\/vc_column_inner][vc_column_inner width=\u00bb1\/2&#8243;]<div class=\"vcex-module vcex-icon-box vcex-icon-box-two wpex-relative vcex-icon-box-wo-icon wpex-text-center\"><div class=\"vcex-icon-box-text\"><h2 class=\"vcex-icon-box-heading wpex-heading wpex-text-md wpex-mb-10\" style=\"font-family:&#039;Open Sans&#039;,sans-serif;font-weight:900;color:#102c68;font-size:20px;\">Los Arbitrios Municipales se deben de pagar:<\/h2><div class=\"vcex-icon-box-content wpex-last-mb-0 wpex-clr\" style=\"color:#000000;font-size:18px;\"><p class=\"mb-0\" style=\"text-align: justify\">En el caso de las personas que adquieran alguna propiedad, empezar\u00e1n a pagar los arbitrios municipales a partir del mes siguiente de realizada la compra.<\/p>\n<p>&nbsp;<\/p>\n<\/div><\/div><\/div>[\/vc_column_inner][\/vc_row_inner][\/vc_column][\/vc_row][vc_row][vc_column]<div class=\"vcex-module vcex-icon-box vcex-icon-box-two wpex-relative vcex-icon-box-wo-icon wpex-text-center\"><div class=\"vcex-icon-box-text\"><h2 class=\"vcex-icon-box-heading wpex-heading wpex-text-md wpex-mb-10\" style=\"font-family:&#039;Open Sans&#039;,sans-serif;font-weight:900;color:#102c68;font-size:20px;\">C\u00e1lculo de los Arbitrios Municipales:<\/h2><div class=\"vcex-icon-box-content wpex-last-mb-0 wpex-clr\" style=\"color:#000000;font-size:18px;\"><p>El monto de los Arbitrios Municipales se determinar\u00e1 dentro del primer trimestre de cada ejercicio fiscal en funci\u00f3n al costo efectivo del servicio prestado. Para determinar el monto a cobrar por arbitrios en la jurisdicci\u00f3n, las municipalidades deber\u00e1n de realizar un estudio del costo que implica prestar los servicios involucrados. Una vez obtenido el costo total, se distribuye entre todos los contribuyentes de la jurisdicci\u00f3n, lo cual se plasma en la Ordenanza Municipal que APRUEBE el Consejo Municipal .<\/p>\n<\/div><\/div><\/div>[\/vc_column][\/vc_row]\n","protected":false},"excerpt":{"rendered":"<p>[vc_row][vc_column][vc_custom_heading text=\u00bbARBITRIOS MUNICIPALES\u00bb font_container=\u00bbtag:h1|font_size:40px|text_align:left|color:%23102c68&#8243; google_fonts=\u00bbfont_family:Open%20Sans%3A300%2C300italic%2Cregular%2Citalic%2C600%2C600italic%2C700%2C700italic%2C800%2C800italic|font_style:800%20bold%20regular%3A800%3Anormal\u00bb][vc_row_inner][vc_column_inner][vc_column_text font_family=\u00bbOpen Sans\u00bb font_size=\u00bb18px\u00bb css=\u00bb.vc_custom_1762294665863{padding-top: 20px !important;padding-bottom: 20px !important;}\u00bb] Los Arbitrios Municipales son las tasas que se pagan por la prestaci\u00f3n o mantenimiento de un servicio p\u00fablico individualizado en el contribuyente. Existen 3 tipos de arbitrios: Arbitrio de Limpieza P\u00fablica Este arbitrio se encuentra comprendido por dos tipos de servicios: Barrido&hellip;<\/p>\n","protected":false},"author":1,"featured_media":0,"parent":432,"menu_order":0,"comment_status":"closed","ping_status":"closed","template":"","meta":{"footnotes":""},"class_list":["post-777","page","type-page","status-publish","hentry","entry","no-media"],"_links":{"self":[{"href":"https:\/\/www.satjlo.gob.pe\/dashboard\/wp-json\/wp\/v2\/pages\/777","targetHints":{"allow":["GET"]}}],"collection":[{"href":"https:\/\/www.satjlo.gob.pe\/dashboard\/wp-json\/wp\/v2\/pages"}],"about":[{"href":"https:\/\/www.satjlo.gob.pe\/dashboard\/wp-json\/wp\/v2\/types\/page"}],"author":[{"embeddable":true,"href":"https:\/\/www.satjlo.gob.pe\/dashboard\/wp-json\/wp\/v2\/users\/1"}],"replies":[{"embeddable":true,"href":"https:\/\/www.satjlo.gob.pe\/dashboard\/wp-json\/wp\/v2\/comments?post=777"}],"version-history":[{"count":10,"href":"https:\/\/www.satjlo.gob.pe\/dashboard\/wp-json\/wp\/v2\/pages\/777\/revisions"}],"predecessor-version":[{"id":2386,"href":"https:\/\/www.satjlo.gob.pe\/dashboard\/wp-json\/wp\/v2\/pages\/777\/revisions\/2386"}],"up":[{"embeddable":true,"href":"https:\/\/www.satjlo.gob.pe\/dashboard\/wp-json\/wp\/v2\/pages\/432"}],"wp:attachment":[{"href":"https:\/\/www.satjlo.gob.pe\/dashboard\/wp-json\/wp\/v2\/media?parent=777"}],"curies":[{"name":"wp","href":"https:\/\/api.w.org\/{rel}","templated":true}]}}