{"id":736,"date":"2022-06-22T15:52:39","date_gmt":"2022-06-22T20:52:39","guid":{"rendered":"http:\/\/www.satjlo.gob.pe:8081\/dashboard\/?page_id=736"},"modified":"2025-11-04T15:48:29","modified_gmt":"2025-11-04T20:48:29","slug":"funcionarios_coactivos","status":"publish","type":"page","link":"https:\/\/www.satjlo.gob.pe\/dashboard\/funcionarios_coactivos\/","title":{"rendered":"Funcionarios Coactivos"},"content":{"rendered":"[vc_row][vc_column width=\u00bb1\/2&#8243;][vc_custom_heading text=\u00bbSubgerente de Ejecuci\u00f3n Coactiva\u00bb font_container=\u00bbtag:h1|font_size:30|text_align:left|color:%23102c68&#8243; google_fonts=\u00bbfont_family:Open%20Sans%3A300%2C300italic%2Cregular%2Citalic%2C600%2C600italic%2C700%2C700italic%2C800%2C800italic|font_style:700%20bold%20regular%3A700%3Anormal\u00bb][\/vc_column][vc_column width=\u00bb1\/2&#8243;][vc_custom_heading text=\u00bbEjecutor Coactivo\u00bb font_container=\u00bbtag:h1|font_size:30|text_align:left|color:%23102c68&#8243; google_fonts=\u00bbfont_family:Open%20Sans%3A300%2C300italic%2Cregular%2Citalic%2C600%2C600italic%2C700%2C700italic%2C800%2C800italic|font_style:700%20bold%20regular%3A700%3Anormal\u00bb][\/vc_column][\/vc_row][vc_row][vc_column width=\u00bb1\/2&#8243;]<div class=\"vcex-heading vcex-module wpex-text-2xl wpex-font-normal wpex-m-auto wpex-max-w-100 vcex-heading-graphical wpex-block\" style=\"font-size:20px;\"><span class=\"vcex-heading-inner wpex-inline-block wpex-clr\"><span class=\"vcex-icon-wrap wpex-mr-15\"><span class=\"ticon ticon-address-book\" aria-hidden=\"true\"><\/span><\/span>Abg. Xiomara Paola Mayanga Valencia<\/span><\/div>[vc_column_text font_family=\u00bbOpen Sans\u00bb font_size=\u00bb18px\u00bb css=\u00bb.vc_custom_1757614089037{padding-top: 20px !important;padding-bottom: 20px !important;}\u00bb]\n<ul class=\"list-archivos\">\n<li><strong>Correo electr\u00f3nico: <\/strong><em>xmayanga@satjlo.gob.pe<\/em><\/li>\n<li><strong>Celular: <\/strong><em>979 404 805<\/em><\/li>\n<li><strong>Horario de atenci\u00f3n:<\/strong>\n<ul>\n<li>Lunes a Viernes de 08:00 a.m &#8211; 05:00 p.m.<\/li>\n<li>S\u00e1bados de 08:30 a.m. &#8211; 12:30 p.m.<\/li>\n<\/ul>\n<\/li>\n<\/ul>\n[\/vc_column_text][\/vc_column][vc_column width=\u00bb1\/2&#8243;]<div class=\"vcex-heading vcex-module wpex-text-2xl wpex-font-normal wpex-m-auto wpex-max-w-100 vcex-heading-graphical wpex-block\" style=\"font-size:20px;\"><span class=\"vcex-heading-inner wpex-inline-block wpex-clr\"><span class=\"vcex-icon-wrap wpex-mr-15\"><span class=\"ticon ticon-address-book\" aria-hidden=\"true\"><\/span><\/span>Abg. Miguel Arturo V\u00e1squez herrera<\/span><\/div>[vc_column_text font_family=\u00bbOpen Sans\u00bb font_size=\u00bb18px\u00bb css=\u00bb.vc_custom_1757614072054{padding-top: 20px !important;padding-bottom: 20px !important;}\u00bb]\n<ul class=\"list-archivos\">\n<li><strong>Correo electr\u00f3nico: <\/strong><em>mvasquezh@satjlo.gob.pe<\/em><\/li>\n<li><strong>Celular: <\/strong><em>979 404 805<\/em><\/li>\n<li><strong>Horario de atenci\u00f3n:<\/strong>\n<ul>\n<li>Lunes a Viernes de 08:00 a.m. &#8211; 05:00 p.m.<\/li>\n<li>S\u00e1bados de 08:30 a.m. &#8211; 12:30 p.m.<\/li>\n<\/ul>\n<\/li>\n<\/ul>\n[\/vc_column_text][\/vc_column][\/vc_row][vc_row][vc_column][vc_custom_heading text=\u00bbAuxiliar Coactivo\u00bb font_container=\u00bbtag:h1|font_size:30|text_align:left|color:%23102c68&#8243; google_fonts=\u00bbfont_family:Open%20Sans%3A300%2C300italic%2Cregular%2Citalic%2C600%2C600italic%2C700%2C700italic%2C800%2C800italic|font_style:700%20bold%20regular%3A700%3Anormal\u00bb][\/vc_column][\/vc_row][vc_row][vc_column width=\u00bb1\/4&#8243;]<div class=\"vcex-heading vcex-module wpex-text-2xl wpex-font-normal wpex-m-auto wpex-max-w-100 vcex-heading-graphical wpex-block\" style=\"font-size:20px;\"><span class=\"vcex-heading-inner wpex-inline-block wpex-clr\"><span class=\"vcex-icon-wrap wpex-mr-15\"><span class=\"ticon ticon-address-book\" aria-hidden=\"true\"><\/span><\/span>Bach. Miguel Alberto Ba\u00f1os De la Cruz<\/span><\/div>[vc_column_text font_family=\u00bbOpen Sans\u00bb font_size=\u00bb18px\u00bb css=\u00bb.vc_custom_1761083554245{padding-top: 20px !important;padding-bottom: 20px !important;}\u00bb]\n<ul class=\"list-archivos\">\n<li><strong>Correo electr\u00f3nico: <\/strong><em>mbanos@satjlo.gob.pe<\/em><\/li>\n<li><strong>Celular: <\/strong><em>979 404 805<\/em><\/li>\n<li><strong>Horario de atenci\u00f3n:<\/strong>\n<ul>\n<li>Lunes a Viernes de 8:00 a.m. &#8211; 5:00 p.m.<\/li>\n<li>S\u00e1bados de 08:30 a.m. &#8211; 12:30 p.m.<\/li>\n<\/ul>\n<\/li>\n<\/ul>\n[\/vc_column_text][\/vc_column][vc_column width=\u00bb1\/4&#8243;]<div class=\"vcex-heading vcex-module wpex-text-2xl wpex-font-normal wpex-m-auto wpex-max-w-100 vcex-heading-graphical wpex-block\" style=\"font-size:20px;\"><span class=\"vcex-heading-inner wpex-inline-block wpex-clr\"><span class=\"vcex-icon-wrap wpex-mr-15\"><span class=\"ticon ticon-address-book\" aria-hidden=\"true\"><\/span><\/span>Lic. Jos\u00e9 Carlos Mirez Puelles<\/span><\/div>[vc_column_text font_family=\u00bbOpen Sans\u00bb font_size=\u00bb18px\u00bb css=\u00bb.vc_custom_1761083596830{padding-top: 20px !important;padding-bottom: 20px !important;}\u00bb]\n<ul class=\"list-archivos\">\n<li><strong>Correo electr\u00f3nico: <\/strong><em>jmirez@satjlo.gob.pe<\/em><\/li>\n<li><strong>Celular: <\/strong><em>979 404 805<\/em><\/li>\n<li><strong>Horario de atenci\u00f3n:<\/strong>\n<ul>\n<li>Lunes a Viernes de 8:00 a.m. &#8211; 5:00 p.m.<\/li>\n<li>S\u00e1bados de 08:30 a.m. &#8211; 12:30 p.m.<\/li>\n<\/ul>\n<\/li>\n<\/ul>\n[\/vc_column_text][\/vc_column][vc_column width=\u00bb1\/4&#8243;]<div class=\"vcex-heading vcex-module wpex-text-2xl wpex-font-normal wpex-m-auto wpex-max-w-100 vcex-heading-graphical wpex-block\" style=\"font-size:20px;\"><span class=\"vcex-heading-inner wpex-inline-block wpex-clr\"><span class=\"vcex-icon-wrap wpex-mr-15\"><span class=\"ticon ticon-address-book\" aria-hidden=\"true\"><\/span><\/span>Lic. Dany Daniel Vela C\u00e1rdenas<\/span><\/div>[vc_column_text font_family=\u00bbOpen Sans\u00bb font_size=\u00bb18px\u00bb css=\u00bb.vc_custom_1761083642846{padding-top: 20px !important;padding-bottom: 20px !important;}\u00bb]\n<ul class=\"list-archivos\">\n<li><strong>Correo electr\u00f3nico: <\/strong><em>dvela@satjlo.gob.pe<\/em><\/li>\n<li><strong>Celular: <\/strong><em>979 404 805<\/em><\/li>\n<li><strong>Horario de atenci\u00f3n:<\/strong>\n<ul>\n<li>Lunes a Viernes de 8:00 a.m. &#8211; 5:00 p.m.<\/li>\n<li>S\u00e1bados de 08:30 a.m. &#8211; 12:30 p.m.<\/li>\n<\/ul>\n<\/li>\n<\/ul>\n[\/vc_column_text][\/vc_column][vc_column width=\u00bb1\/4&#8243;]<div class=\"vcex-heading vcex-module wpex-text-2xl wpex-font-normal wpex-m-auto wpex-max-w-100 vcex-heading-graphical wpex-block\" style=\"font-size:20 px;\"><span class=\"vcex-heading-inner wpex-inline-block wpex-clr\"><span class=\"vcex-icon-wrap wpex-mr-15\"><span class=\"ticon ticon-address-book\" aria-hidden=\"true\"><\/span><\/span>Bach. Margori Soledad Orellano Araujo<\/span><\/div>[vc_column_text font_size=\u00bb18px\u00bb font_family=\u00bbOpen Sans\u00bb css=\u00bb.vc_custom_1761084343464{padding-top: 20px !important;padding-bottom: 20px !important;}\u00bb]\n<ul class=\"list-archivos\">\n<li><span style=\"font-size: 18px;\"><strong>Correo electr\u00f3nico: <\/strong><em>morellano@satjlo.gob.pe<\/em><\/span><\/li>\n<li><span style=\"font-size: 18px;\"><strong>Celular: <\/strong><em>979 404 805<\/em><\/span><\/li>\n<li><span style=\"font-size: 18px;\"><strong>Horario de atenci\u00f3n:<\/strong><\/span>\n<ul>\n<li><span style=\"font-size: 18px;\">Lunes a Viernes de 8:00 a.m. &#8211; 5:00 p.m.<\/span><\/li>\n<li><span style=\"font-size: 18px;\">S\u00e1bados de 08:30 a.m. &#8211; 12:30 p.m.<\/span><\/li>\n<\/ul>\n<\/li>\n<\/ul>\n[\/vc_column_text][\/vc_column][\/vc_row]\n","protected":false},"excerpt":{"rendered":"<p>[vc_row][vc_column width=\u00bb1\/2&#8243;][vc_custom_heading text=\u00bbSubgerente de Ejecuci\u00f3n Coactiva\u00bb font_container=\u00bbtag:h1|font_size:30|text_align:left|color:%23102c68&#8243; google_fonts=\u00bbfont_family:Open%20Sans%3A300%2C300italic%2Cregular%2Citalic%2C600%2C600italic%2C700%2C700italic%2C800%2C800italic|font_style:700%20bold%20regular%3A700%3Anormal\u00bb][\/vc_column][vc_column width=\u00bb1\/2&#8243;][vc_custom_heading text=\u00bbEjecutor Coactivo\u00bb font_container=\u00bbtag:h1|font_size:30|text_align:left|color:%23102c68&#8243; google_fonts=\u00bbfont_family:Open%20Sans%3A300%2C300italic%2Cregular%2Citalic%2C600%2C600italic%2C700%2C700italic%2C800%2C800italic|font_style:700%20bold%20regular%3A700%3Anormal\u00bb][\/vc_column][\/vc_row][vc_row][vc_column width=\u00bb1\/2&#8243;][vc_column_text font_family=\u00bbOpen Sans\u00bb font_size=\u00bb18px\u00bb css=\u00bb.vc_custom_1757614089037{padding-top: 20px !important;padding-bottom: 20px !important;}\u00bb] Correo electr\u00f3nico: xmayanga@satjlo.gob.pe Celular: 979 404 805 Horario de atenci\u00f3n: Lunes a Viernes de 08:00 a.m &#8211; 05:00 p.m. S\u00e1bados de 08:30 a.m. &#8211; 12:30 p.m. [\/vc_column_text][\/vc_column][vc_column width=\u00bb1\/2&#8243;][vc_column_text font_family=\u00bbOpen Sans\u00bb font_size=\u00bb18px\u00bb css=\u00bb.vc_custom_1757614072054{padding-top: 20px&hellip;<\/p>\n","protected":false},"author":1,"featured_media":0,"parent":0,"menu_order":0,"comment_status":"closed","ping_status":"closed","template":"templates\/no-sidebar.php","meta":{"footnotes":""},"class_list":["post-736","page","type-page","status-publish","hentry","entry","no-media"],"_links":{"self":[{"href":"https:\/\/www.satjlo.gob.pe\/dashboard\/wp-json\/wp\/v2\/pages\/736","targetHints":{"allow":["GET"]}}],"collection":[{"href":"https:\/\/www.satjlo.gob.pe\/dashboard\/wp-json\/wp\/v2\/pages"}],"about":[{"href":"https:\/\/www.satjlo.gob.pe\/dashboard\/wp-json\/wp\/v2\/types\/page"}],"author":[{"embeddable":true,"href":"https:\/\/www.satjlo.gob.pe\/dashboard\/wp-json\/wp\/v2\/users\/1"}],"replies":[{"embeddable":true,"href":"https:\/\/www.satjlo.gob.pe\/dashboard\/wp-json\/wp\/v2\/comments?post=736"}],"version-history":[{"count":16,"href":"https:\/\/www.satjlo.gob.pe\/dashboard\/wp-json\/wp\/v2\/pages\/736\/revisions"}],"predecessor-version":[{"id":2380,"href":"https:\/\/www.satjlo.gob.pe\/dashboard\/wp-json\/wp\/v2\/pages\/736\/revisions\/2380"}],"wp:attachment":[{"href":"https:\/\/www.satjlo.gob.pe\/dashboard\/wp-json\/wp\/v2\/media?parent=736"}],"curies":[{"name":"wp","href":"https:\/\/api.w.org\/{rel}","templated":true}]}}