{"id":728,"date":"2022-06-22T15:43:46","date_gmt":"2022-06-22T20:43:46","guid":{"rendered":"http:\/\/www.satjlo.gob.pe:8081\/dashboard\/?page_id=728"},"modified":"2025-10-22T17:18:55","modified_gmt":"2025-10-22T22:18:55","slug":"gestor-tributario","status":"publish","type":"page","link":"https:\/\/www.satjlo.gob.pe\/dashboard\/gestor-tributario\/","title":{"rendered":"Gestores Tributarios"},"content":{"rendered":"[vc_row][vc_column][vc_custom_heading text=\u00bbGestor De Cobranza\u00bb font_container=\u00bbtag:h1|font_size:30px|text_align:left|color:%23102c68&#8243; google_fonts=\u00bbfont_family:Open%20Sans%3A300%2C300italic%2Cregular%2Citalic%2C600%2C600italic%2C700%2C700italic%2C800%2C800italic|font_style:700%20bold%20regular%3A700%3Anormal\u00bb][\/vc_column][\/vc_row][vc_row][vc_column width=\u00bb1\/3&#8243;]<div class=\"vcex-heading vcex-module wpex-text-2xl wpex-font-normal wpex-m-auto wpex-max-w-100 vcex-heading-graphical wpex-block\"><span class=\"vcex-heading-inner wpex-inline-block wpex-clr\"><span class=\"vcex-icon-wrap wpex-mr-15\"><span class=\"ticon ticon-address-book\" aria-hidden=\"true\"><\/span><\/span>Bach. Cristian Norvil Tequen Qui\u00f1ones<\/span><\/div>[vc_column_text font_size=\u00bb18px\u00bb css=\u00bb.vc_custom_1761171426978{padding-top: 20px !important;padding-bottom: 20px !important;}\u00bb]\n<ul class=\"list-archivos\">\n<li><strong>Correo electr\u00f3nico: <\/strong><em>ctequen@satjlo.gob.pe<\/em><\/li>\n<li><strong>Celular: <\/strong><em>980 970 132<\/em><\/li>\n<li><strong>Horario de atenci\u00f3n:<\/strong>\n<ul>\n<li>Lunes a Viernes de 8:00 a.m &#8211; 5:00 p.m.<\/li>\n<li>S\u00e1bados de 8:30 a.m. &#8211; 12:30 p.m.<\/li>\n<\/ul>\n<\/li>\n<\/ul>\n[\/vc_column_text][\/vc_column][vc_column width=\u00bb1\/3&#8243;]<div class=\"vcex-heading vcex-module wpex-text-2xl wpex-font-normal wpex-m-auto wpex-max-w-100 vcex-heading-graphical wpex-block\"><span class=\"vcex-heading-inner wpex-inline-block wpex-clr\"><span class=\"vcex-icon-wrap wpex-mr-15\"><span class=\"ticon ticon-address-book\" aria-hidden=\"true\"><\/span><\/span>Ersa Vera Camacho<\/span><\/div>[vc_column_text font_size=\u00bb18px\u00bb css=\u00bb.vc_custom_1761171444523{padding-top: 20px !important;padding-bottom: 20px !important;}\u00bb]\n<ul class=\"list-archivos\">\n<li><strong>Correo electr\u00f3nico: <\/strong><em>evera@satjlo.gob.pe<\/em><\/li>\n<li><strong>Celular: <\/strong><em>980 970 441<\/em><\/li>\n<li><strong>Horario de atenci\u00f3n:<\/strong>\n<ul>\n<li>Lunes a Viernes de 8:00 a.m. &#8211; 5:00 p.m.<\/li>\n<li>S\u00e1bados de 8:30 a.m. &#8211; 12:30 p.m.<\/li>\n<\/ul>\n<\/li>\n<\/ul>\n[\/vc_column_text][\/vc_column][vc_column width=\u00bb1\/3&#8243;]<div class=\"vcex-heading vcex-module wpex-text-2xl wpex-font-normal wpex-m-auto wpex-max-w-100 vcex-heading-graphical wpex-block\"><span class=\"vcex-heading-inner wpex-inline-block wpex-clr\"><span class=\"vcex-icon-wrap wpex-mr-15\"><span class=\"ticon ticon-address-book\" aria-hidden=\"true\"><\/span><\/span>Gerardo Antonio Garay Cuzcano<\/span><\/div>[vc_column_text font_size=\u00bb18px\u00bb css=\u00bb.vc_custom_1761171456019{padding-top: 20px !important;padding-bottom: 20px !important;}\u00bb]\n<ul class=\"list-archivos\">\n<li><strong>Correo electr\u00f3nico: <\/strong><em>ggaray@satjlo.gob.pe<\/em><\/li>\n<li><strong>Celular: <\/strong><em>980 969 685<\/em><\/li>\n<li><strong>Horario de atenci\u00f3n:<\/strong>\n<ul>\n<li>Lunes a Viernes de 8:00 a.m &#8211; 5:00 p.m.<\/li>\n<li>S\u00e1bados de 8:30 a.m. &#8211; 12:30 p.m.<\/li>\n<\/ul>\n<\/li>\n<\/ul>\n[\/vc_column_text][\/vc_column][\/vc_row]\n","protected":false},"excerpt":{"rendered":"<p>[vc_row][vc_column][vc_custom_heading text=\u00bbGestor De Cobranza\u00bb font_container=\u00bbtag:h1|font_size:30px|text_align:left|color:%23102c68&#8243; google_fonts=\u00bbfont_family:Open%20Sans%3A300%2C300italic%2Cregular%2Citalic%2C600%2C600italic%2C700%2C700italic%2C800%2C800italic|font_style:700%20bold%20regular%3A700%3Anormal\u00bb][\/vc_column][\/vc_row][vc_row][vc_column width=\u00bb1\/3&#8243;][vc_column_text font_size=\u00bb18px\u00bb css=\u00bb.vc_custom_1761171426978{padding-top: 20px !important;padding-bottom: 20px !important;}\u00bb] Correo electr\u00f3nico: ctequen@satjlo.gob.pe Celular: 980 970 132 Horario de atenci\u00f3n: Lunes a Viernes de 8:00 a.m &#8211; 5:00 p.m. S\u00e1bados de 8:30 a.m. &#8211; 12:30 p.m. [\/vc_column_text][\/vc_column][vc_column width=\u00bb1\/3&#8243;][vc_column_text font_size=\u00bb18px\u00bb css=\u00bb.vc_custom_1761171444523{padding-top: 20px !important;padding-bottom: 20px !important;}\u00bb] Correo electr\u00f3nico: evera@satjlo.gob.pe Celular: 980 970 441 Horario&hellip;<\/p>\n","protected":false},"author":1,"featured_media":0,"parent":0,"menu_order":0,"comment_status":"closed","ping_status":"closed","template":"templates\/no-sidebar.php","meta":{"footnotes":""},"class_list":["post-728","page","type-page","status-publish","hentry","entry","no-media"],"_links":{"self":[{"href":"https:\/\/www.satjlo.gob.pe\/dashboard\/wp-json\/wp\/v2\/pages\/728","targetHints":{"allow":["GET"]}}],"collection":[{"href":"https:\/\/www.satjlo.gob.pe\/dashboard\/wp-json\/wp\/v2\/pages"}],"about":[{"href":"https:\/\/www.satjlo.gob.pe\/dashboard\/wp-json\/wp\/v2\/types\/page"}],"author":[{"embeddable":true,"href":"https:\/\/www.satjlo.gob.pe\/dashboard\/wp-json\/wp\/v2\/users\/1"}],"replies":[{"embeddable":true,"href":"https:\/\/www.satjlo.gob.pe\/dashboard\/wp-json\/wp\/v2\/comments?post=728"}],"version-history":[{"count":14,"href":"https:\/\/www.satjlo.gob.pe\/dashboard\/wp-json\/wp\/v2\/pages\/728\/revisions"}],"predecessor-version":[{"id":2345,"href":"https:\/\/www.satjlo.gob.pe\/dashboard\/wp-json\/wp\/v2\/pages\/728\/revisions\/2345"}],"wp:attachment":[{"href":"https:\/\/www.satjlo.gob.pe\/dashboard\/wp-json\/wp\/v2\/media?parent=728"}],"curies":[{"name":"wp","href":"https:\/\/api.w.org\/{rel}","templated":true}]}}