{"id":680,"date":"2022-06-22T11:03:46","date_gmt":"2022-06-22T16:03:46","guid":{"rendered":"http:\/\/www.satjlo.gob.pe:8081\/dashboard\/?page_id=680"},"modified":"2025-11-14T11:24:24","modified_gmt":"2025-11-14T16:24:24","slug":"sedes","status":"publish","type":"page","link":"https:\/\/www.satjlo.gob.pe\/dashboard\/sedes\/","title":{"rendered":"Sedes"},"content":{"rendered":"[vc_row][vc_column width=\u00bb2\/3&#8243;][vc_custom_heading text=\u00bbLas sedes de atenci\u00f3n para realizar consultas y pagos se ubican en:\u00bb font_container=\u00bbtag:h1|font_size:30|text_align:left|color:%23102c68&#8243; google_fonts=\u00bbfont_family:Open%20Sans%3A300%2C300italic%2Cregular%2Citalic%2C600%2C600italic%2C700%2C700italic%2C800%2C800italic|font_style:700%20bold%20italic%3A700%3Aitalic\u00bb][vc_custom_heading text=\u00bbSede Central\u00bb font_container=\u00bbtag:h2|font_size:30px|text_align:left|color:%23102c68&#8243; google_fonts=\u00bbfont_family:Open%20Sans%3A300%2C300italic%2Cregular%2Citalic%2C600%2C600italic%2C700%2C700italic%2C800%2C800italic|font_style:700%20bold%20regular%3A700%3Anormal\u00bb]<div class=\"vcex-heading vcex-module wpex-text-2xl wpex-font-normal wpex-m-auto wpex-max-w-100 vcex-heading-graphical wpex-block\" style=\"font-size:20px;\"><span class=\"vcex-heading-inner wpex-inline-block wpex-clr\">Calle Jhon F. Kennedy 412, Urb. Bolognesi - Jos\u00e9 Leonardo Ortiz<\/span><\/div>[vc_column_text responsive_text=\u00bbtrue\u00bb font_family=\u00bbOpen Sans\u00bb font_size=\u00bb18px\u00bb css=\u00bb.vc_custom_1763137383102{padding-top: 20px !important;padding-bottom: 20px !important;}\u00bb]\n<ul>\n<li><strong>TEL\u00c9FONOS:<br \/>\n<\/strong>-Orientaci\u00f3n para Pagos:<strong> 980 970 132 \/\/\u00a0 980 969 685\u00a0 \/\/ 980 970 441<\/strong><br \/>\n-Cobranza Coactiva:<strong> 979 404 805<br \/>\n<\/strong>-Merced Conductiva: <strong>979 404 177<\/strong><br \/>\n-Registro y Fiscalizaci\u00f3n:<strong> 940 650 750<\/strong><\/li>\n<\/ul>\n<ul class=\"list-archivos\">\n<li><strong>HORARIO DE ATENCI\u00d3N:<\/strong>\n<ul>\n<li>Lunes a Viernes de 08:00 a.m &#8211; 05:00 p.m.<\/li>\n<li>S\u00e1bados de 08:30 a.m. &#8211; 12:30 p.m.<\/li>\n<\/ul>\n<\/li>\n<li><strong>FORMAS DE PAGO:<\/strong>\n<ul>\n<li><i class=\"bi-check\">\u00a0<\/i>En efectivo.<\/li>\n<li><i class=\"bi-check\">\u00a0<\/i>Con tarjeta VISA, MASTERCARD, AMERICAN EXPRESS y DINERS CLUB.<\/li>\n<li>\u00a0Con billeteras digitales: YAPE y PLIN.<\/li>\n<li><i class=\"bi-check\">\u00a0<\/i>Con cheques de gerencia.<\/li>\n<\/ul>\n<\/li>\n<li><strong>TR\u00c1MITES QUE SE PUEDEN REALIZAR:<\/strong>\n<ul>\n<li><i class=\"bi-check\">\u00a0<\/i>Pago, Consulta y Reclamos de Obligaciones Tributarias.<\/li>\n<li><i class=\"bi-check\">\u00a0<\/i>Pago, Consulta y Reclamos de Obligaciones No Tributarias.<\/li>\n<li><i class=\"bi-check\">\u00a0<\/i>Otras tasas que administra el SATJLO.<\/li>\n<li><i class=\"bi-check\">\u00a0<\/i>Convenios de Fraccionamiento.<\/li>\n<li><i class=\"bi-check\">\u00a0<\/i>Regularizaci\u00f3n de Predios.<\/li>\n<li>\u00a0Otros Tr\u00e1mites Tributarios y No Tributarios.<\/li>\n<\/ul>\n<\/li>\n<\/ul>\n[\/vc_column_text][vc_custom_heading text=\u00bbOficina remota\u00bb font_container=\u00bbtag:h2|font_size:30px|text_align:left|color:%23102c68&#8243; google_fonts=\u00bbfont_family:Open%20Sans%3A300%2C300italic%2Cregular%2Citalic%2C600%2C600italic%2C700%2C700italic%2C800%2C800italic|font_style:700%20bold%20regular%3A700%3Anormal\u00bb]<div class=\"vcex-heading vcex-module wpex-text-2xl wpex-font-normal wpex-m-auto wpex-max-w-100 vcex-heading-graphical wpex-block\" style=\"font-size:20px;\"><span class=\"vcex-heading-inner wpex-inline-block wpex-clr\">Municipalidad distrital de Jos\u00e9 Leonardo Ortiz, 1er piso - Av. S\u00e1enz Pe\u00f1a 2151 - Urb. Latina.<\/span><\/div>[vc_column_text font_family=\u00bbOpen Sans\u00bb font_size=\u00bb18px\u00bb css=\u00bb.vc_custom_1762289074071{padding-top: 20px !important;padding-bottom: 20px !important;}\u00bb]\n<ul class=\"list-archivos\">\n<li><strong>HORARIO DE ATENCI\u00d3N:<\/strong>\n<ul>\n<li>Lunes a Viernes desde 07:30 a.m &#8211; 02:30 p.m.<\/li>\n<\/ul>\n<\/li>\n<li><strong>FORMAS DE PAGO:<\/strong>\n<ul>\n<li><i class=\"bi-check\">\u00a0<\/i>En efectivo.<\/li>\n<li><i class=\"bi-check\">\u00a0<\/i>Con tarjeta VISA, MASTERCARD, AMERICAN EXPRESS y DINERS CLUB.<\/li>\n<li>\u00a0Con billeteras digitales: YAPE y PLIN.<\/li>\n<\/ul>\n<\/li>\n<li><strong>TR\u00c1MITES QUE SE PUEDEN REALIZAR:<\/strong>\n<ul>\n<li><i class=\"bi-check\">\u00a0<\/i>Pagos de tasas y deudas tributarias<\/li>\n<\/ul>\n<\/li>\n<\/ul>\n[\/vc_column_text][\/vc_column][vc_column width=\u00bb1\/3&#8243;][vc_single_image image=\u00bb2328&#8243; css_animation=\u00bbfadeInRight\u00bb][vc_icon icon_fontawesome=\u00bbfas fa-arrows-alt-h\u00bb color=\u00bbwhite\u00bb][vc_single_image image=\u00bb2329&#8243; css_animation=\u00bbfadeInRight\u00bb][\/vc_column][\/vc_row]\n","protected":false},"excerpt":{"rendered":"<p>[vc_row][vc_column width=\u00bb2\/3&#8243;][vc_custom_heading text=\u00bbLas sedes de atenci\u00f3n para realizar consultas y pagos se ubican en:\u00bb font_container=\u00bbtag:h1|font_size:30|text_align:left|color:%23102c68&#8243; google_fonts=\u00bbfont_family:Open%20Sans%3A300%2C300italic%2Cregular%2Citalic%2C600%2C600italic%2C700%2C700italic%2C800%2C800italic|font_style:700%20bold%20italic%3A700%3Aitalic\u00bb][vc_custom_heading text=\u00bbSede Central\u00bb font_container=\u00bbtag:h2|font_size:30px|text_align:left|color:%23102c68&#8243; google_fonts=\u00bbfont_family:Open%20Sans%3A300%2C300italic%2Cregular%2Citalic%2C600%2C600italic%2C700%2C700italic%2C800%2C800italic|font_style:700%20bold%20regular%3A700%3Anormal\u00bb][vc_column_text responsive_text=\u00bbtrue\u00bb font_family=\u00bbOpen Sans\u00bb font_size=\u00bb18px\u00bb css=\u00bb.vc_custom_1763137383102{padding-top: 20px !important;padding-bottom: 20px !important;}\u00bb] TEL\u00c9FONOS: -Orientaci\u00f3n para Pagos: 980 970 132 \/\/\u00a0 980 969 685\u00a0 \/\/ 980 970 441 -Cobranza Coactiva: 979 404 805 -Merced Conductiva: 979 404 177 -Registro&hellip;<\/p>\n","protected":false},"author":1,"featured_media":0,"parent":0,"menu_order":0,"comment_status":"closed","ping_status":"closed","template":"templates\/no-sidebar.php","meta":{"footnotes":""},"class_list":["post-680","page","type-page","status-publish","hentry","entry","no-media"],"_links":{"self":[{"href":"https:\/\/www.satjlo.gob.pe\/dashboard\/wp-json\/wp\/v2\/pages\/680","targetHints":{"allow":["GET"]}}],"collection":[{"href":"https:\/\/www.satjlo.gob.pe\/dashboard\/wp-json\/wp\/v2\/pages"}],"about":[{"href":"https:\/\/www.satjlo.gob.pe\/dashboard\/wp-json\/wp\/v2\/types\/page"}],"author":[{"embeddable":true,"href":"https:\/\/www.satjlo.gob.pe\/dashboard\/wp-json\/wp\/v2\/users\/1"}],"replies":[{"embeddable":true,"href":"https:\/\/www.satjlo.gob.pe\/dashboard\/wp-json\/wp\/v2\/comments?post=680"}],"version-history":[{"count":25,"href":"https:\/\/www.satjlo.gob.pe\/dashboard\/wp-json\/wp\/v2\/pages\/680\/revisions"}],"predecessor-version":[{"id":2415,"href":"https:\/\/www.satjlo.gob.pe\/dashboard\/wp-json\/wp\/v2\/pages\/680\/revisions\/2415"}],"wp:attachment":[{"href":"https:\/\/www.satjlo.gob.pe\/dashboard\/wp-json\/wp\/v2\/media?parent=680"}],"curies":[{"name":"wp","href":"https:\/\/api.w.org\/{rel}","templated":true}]}}