{"id":503,"date":"2022-06-09T22:09:31","date_gmt":"2022-06-10T03:09:31","guid":{"rendered":"https:\/\/web.satjlo.gob.pe\/?page_id=503"},"modified":"2025-03-03T12:57:00","modified_gmt":"2025-03-03T17:57:00","slug":"formatos-para-tramites","status":"publish","type":"page","link":"https:\/\/www.satjlo.gob.pe\/dashboard\/tramites\/formatos-para-tramites\/","title":{"rendered":"Formatos para Tr\u00e1mites"},"content":{"rendered":"[vc_row][vc_column width=\u00bb1\/2&#8243;][vc_custom_heading text=\u00bbFormatos para Tr\u00e1mites\u00bb font_container=\u00bbtag:h1|font_size:40px|text_align:center|color:%23102c68&#8243; google_fonts=\u00bbfont_family:Open%20Sans%3A300%2C300italic%2Cregular%2Citalic%2C600%2C600italic%2C700%2C700italic%2C800%2C800italic|font_style:700%20bold%20regular%3A700%3Anormal\u00bb][vc_row_inner][vc_column_inner][vc_column_text font_family=\u00bbOpen Sans\u00bb font_size=\u00bb18px\u00bb css=\u00bb.vc_custom_1669220772759{padding-top: 20px !important;padding-bottom: 20px !important;}\u00bb text_align=\u00bbleft\u00bb]\n<p style=\"text-align: center;\">Formatos de Tr\u00e1mites del Servicio de Administraci\u00f3n Tributaria de Jos\u00e9 L. Ortiz &#8211; SATJLO, para que puedan descargarlos, imprimirlos y llenarlos e ingresarlos por mesa de partes de forma presencial o virtual, y su recepci\u00f3n se m\u00e1s r\u00e1pida.<\/p>\n[\/vc_column_text][\/vc_column_inner][\/vc_row_inner][\/vc_column][vc_column width=\u00bb1\/2&#8243;][vc_tta_accordion style=\u00bbmodern\u00bb shape=\u00bbround\u00bb color=\u00bbturquoise\u00bb c_icon=\u00bbchevron\u00bb active_section=\u00bb1&#8243;][vc_tta_section title=\u00bbFormato para solicitud de tr\u00e1mite\u00bb tab_id=\u00bbf-003&#8243;][vc_column_text font_family=\u00bbOpen Sans\u00bb font_size=\u00bb18px\u00bb css=\u00bb.vc_custom_1669221081204{padding-top: 20px !important;padding-bottom: 0px !important;}\u00bb]\n<p style=\"text-align: left;\">Formato para realizaci\u00f3n de diversos tr\u00e1mites en el SATJLO.<\/p>\n[\/vc_column_text][vc_row_inner][vc_column_inner]<div style=\"font-size:18px;\" class=\"vcex-module vcex-bullets custom-icon\">\n<ul>\n<li><div class=\"vcex-bullets-ci-wrap wpex-inline-flex\"><span class=\"vcex-icon-wrap wpex-mr-10\"><span class=\"vcex-icon far fa-file-pdf\" aria-hidden=\"true\" style=\"color:#dd3333;\"><\/span><\/span><div class=\"vcex-content wpex-flex-grow\"><a href=\"https:\/\/www.satjlo.gob.pe\/dashboard\/wp-content\/uploads\/2025\/03\/Formato_tra_2025.pdf\" target=\"_blank\" rel=\"noopener\">Formato para solicitud de tr\u00e1mite<\/a><\/div><\/div><\/li>\n<\/ul>\n<\/div>[\/vc_column_inner][\/vc_row_inner][\/vc_tta_section][vc_tta_section title=\u00bbFormato Declaraci\u00f3n Jurada\u00bb tab_id=\u00bb1655848711138-2c2b36a5-48b4&#8243;][vc_column_text font_family=\u00bbOpen Sans\u00bb font_size=\u00bb18px\u00bb css=\u00bb.vc_custom_1655927605756{padding-top: 20px !important;padding-bottom: 20px !important;}\u00bb]Formato para realizar Declaraci\u00f3n Jurada.[\/vc_column_text]<div style=\"font-size:18px;\" class=\"vcex-module vcex-bullets custom-icon\">\n<ul>\n<li><div class=\"vcex-bullets-ci-wrap wpex-inline-flex\"><span class=\"vcex-icon-wrap wpex-mr-10\"><span class=\"vcex-icon far fa-file-pdf\" aria-hidden=\"true\" style=\"color:#dd3333;\"><\/span><\/span><div class=\"vcex-content wpex-flex-grow\"><a href=\"https:\/\/www.satjlo.gob.pe\/dashboard\/wp-content\/uploads\/2022\/06\/Formato-003.pdf\" target=\"_blank\" rel=\"noopener\">Formato Declaraci\u00f3n Jurada<\/a><\/div><\/div><\/li>\n<\/ul>\n<\/div>[\/vc_tta_section][\/vc_tta_accordion][\/vc_column][\/vc_row]\n","protected":false},"excerpt":{"rendered":"<p>[vc_row][vc_column width=\u00bb1\/2&#8243;][vc_custom_heading text=\u00bbFormatos para Tr\u00e1mites\u00bb font_container=\u00bbtag:h1|font_size:40px|text_align:center|color:%23102c68&#8243; google_fonts=\u00bbfont_family:Open%20Sans%3A300%2C300italic%2Cregular%2Citalic%2C600%2C600italic%2C700%2C700italic%2C800%2C800italic|font_style:700%20bold%20regular%3A700%3Anormal\u00bb][vc_row_inner][vc_column_inner][vc_column_text font_family=\u00bbOpen Sans\u00bb font_size=\u00bb18px\u00bb css=\u00bb.vc_custom_1669220772759{padding-top: 20px !important;padding-bottom: 20px !important;}\u00bb text_align=\u00bbleft\u00bb] Formatos de Tr\u00e1mites del Servicio de Administraci\u00f3n Tributaria de Jos\u00e9 L. Ortiz &#8211; SATJLO, para que puedan descargarlos, imprimirlos y llenarlos e ingresarlos por mesa de partes de forma presencial o virtual, y su recepci\u00f3n se m\u00e1s r\u00e1pida. [\/vc_column_text][\/vc_column_inner][\/vc_row_inner][\/vc_column][vc_column&hellip;<\/p>\n","protected":false},"author":1,"featured_media":0,"parent":499,"menu_order":0,"comment_status":"closed","ping_status":"closed","template":"templates\/no-sidebar.php","meta":{"footnotes":""},"class_list":["post-503","page","type-page","status-publish","hentry","entry","no-media"],"_links":{"self":[{"href":"https:\/\/www.satjlo.gob.pe\/dashboard\/wp-json\/wp\/v2\/pages\/503","targetHints":{"allow":["GET"]}}],"collection":[{"href":"https:\/\/www.satjlo.gob.pe\/dashboard\/wp-json\/wp\/v2\/pages"}],"about":[{"href":"https:\/\/www.satjlo.gob.pe\/dashboard\/wp-json\/wp\/v2\/types\/page"}],"author":[{"embeddable":true,"href":"https:\/\/www.satjlo.gob.pe\/dashboard\/wp-json\/wp\/v2\/users\/1"}],"replies":[{"embeddable":true,"href":"https:\/\/www.satjlo.gob.pe\/dashboard\/wp-json\/wp\/v2\/comments?post=503"}],"version-history":[{"count":33,"href":"https:\/\/www.satjlo.gob.pe\/dashboard\/wp-json\/wp\/v2\/pages\/503\/revisions"}],"predecessor-version":[{"id":1860,"href":"https:\/\/www.satjlo.gob.pe\/dashboard\/wp-json\/wp\/v2\/pages\/503\/revisions\/1860"}],"up":[{"embeddable":true,"href":"https:\/\/www.satjlo.gob.pe\/dashboard\/wp-json\/wp\/v2\/pages\/499"}],"wp:attachment":[{"href":"https:\/\/www.satjlo.gob.pe\/dashboard\/wp-json\/wp\/v2\/media?parent=503"}],"curies":[{"name":"wp","href":"https:\/\/api.w.org\/{rel}","templated":true}]}}