{"id":483,"date":"2022-06-09T21:52:08","date_gmt":"2022-06-10T02:52:08","guid":{"rendered":"https:\/\/web.satjlo.gob.pe\/?page_id=483"},"modified":"2025-11-04T17:13:33","modified_gmt":"2025-11-04T22:13:33","slug":"cronograma-de-vencimientos","status":"publish","type":"page","link":"https:\/\/www.satjlo.gob.pe\/dashboard\/informacion\/cronograma-de-vencimientos\/","title":{"rendered":"Cronograma de Vencimientos"},"content":{"rendered":"[vc_row][vc_column][vc_custom_heading text=\u00bbCronograma de Vencimientos\u00bb font_container=\u00bbtag:h1|font_size:40px|text_align:left|color:%23102c68&#8243; google_fonts=\u00bbfont_family:Open%20Sans%3A300%2C300italic%2Cregular%2Citalic%2C600%2C600italic%2C700%2C700italic%2C800%2C800italic|font_style:700%20bold%20regular%3A700%3Anormal\u00bb][\/vc_column][vc_column][vc_custom_heading text=\u00bbIMPUESTO PREDIAL\u00bb font_container=\u00bbtag:h1|font_size:30px|text_align:left|color:%23102c68&#8243; google_fonts=\u00bbfont_family:Open%20Sans%3A300%2C300italic%2Cregular%2Citalic%2C600%2C600italic%2C700%2C700italic%2C800%2C800italic|font_style:800%20bold%20regular%3A800%3Anormal\u00bb][\/vc_column][\/vc_row][vc_row content_placement=\u00bbmiddle\u00bb][vc_column width=\u00bb2\/3&#8243;][vc_column_text css_animation=\u00bbnone\u00bb font_family=\u00bbPoppins\u00bb font_size=\u00bb18px\u00bb css=\u00bb.vc_custom_1757019972805{padding-top: 20px !important;}\u00bb]\n<table id=\"tablepress-1\" class=\"tablepress tablepress-id-1\">\n<thead>\n<tr class=\"row-1\">\n\t<th class=\"column-1\">Fecha Vencimiento<\/th><th class=\"column-2\">Pago Fraccionado<\/th><th class=\"column-3\">Pago Contado<\/th>\n<\/tr>\n<\/thead>\n<tbody class=\"row-striping row-hover\">\n<tr class=\"row-2\">\n\t<td class=\"column-1\">28 de Febrero del 2025(*)\t<\/td><td class=\"column-2\"><\/td><td class=\"column-3\">Cuota \u00danica :Pagando Todos los trimestres del a\u00f1o en curso.<\/td>\n<\/tr>\n<tr class=\"row-3\">\n\t<td class=\"column-1\">28 de Febrero del 2025(*)<\/td><td class=\"column-2\">1\u00ba Trimestre<\/td><td class=\"column-3\"><\/td>\n<\/tr>\n<tr class=\"row-4\">\n\t<td class=\"column-1\">30 de Mayo del 2025<\/td><td class=\"column-2\">2\u00ba Trimestre<\/td><td class=\"column-3\"><\/td>\n<\/tr>\n<tr class=\"row-5\">\n\t<td class=\"column-1\">29 de Agosto del 2025<\/td><td class=\"column-2\">3\u00ba Trimestre<\/td><td class=\"column-3\"><\/td>\n<\/tr>\n<tr class=\"row-6\">\n\t<td class=\"column-1\">28 de Noviembre del 2025<\/td><td class=\"column-2\">4\u00ba Trimestre<\/td><td class=\"column-3\"><\/td>\n<\/tr>\n<\/tbody>\n<\/table>\n<!-- #tablepress-1 from cache -->[\/vc_column_text][vc_message message_box_style=\u00bboutline\u00bb style=\u00bbround\u00bb message_box_color=\u00bbgrey\u00bb css=\u00bb.vc_custom_1762294245973{padding-top: -50px !important;}\u00bb]NOTA: Sr. Contribuyente se le recuerda que el SAT JLO no concede pr\u00f3rrogas en las fechas de vencimiento. En tal sentido no espere el \u00faltimo d\u00eda para realizar el pago correspondiente. (*) Fechas aprobadas con Ordenanza Municipal[\/vc_message][\/vc_column][vc_column width=\u00bb1\/3&#8243;][vc_single_image image=\u00bb2126&#8243; css_animation=\u00bbright-to-left\u00bb][\/vc_column][\/vc_row][vc_row content_placement=\u00bbmiddle\u00bb][vc_column width=\u00bb1\/3&#8243;][vc_single_image image=\u00bb2118&#8243; css_animation=\u00bbfadeInLeft\u00bb][vc_single_image image=\u00bb2119&#8243; css_animation=\u00bbfadeInLeft\u00bb][vc_single_image image=\u00bb2120&#8243; css_animation=\u00bbfadeInLeft\u00bb][\/vc_column][vc_column width=\u00bb2\/3&#8243;][vc_custom_heading text=\u00bbARBITRIOS MUNICIPALES\u00bb font_container=\u00bbtag:h1|font_size:30px|text_align:right|color:%23102c68&#8243; google_fonts=\u00bbfont_family:Open%20Sans%3A300%2C300italic%2Cregular%2Citalic%2C600%2C600italic%2C700%2C700italic%2C800%2C800italic|font_style:800%20bold%20regular%3A800%3Anormal\u00bb][vc_column_text css_animation=\u00bbnone\u00bb font_family=\u00bbPoppins\u00bb font_size=\u00bb18px\u00bb css=\u00bb.vc_custom_1757019988109{padding-top: 20px !important;}\u00bb]\n<table id=\"tablepress-3\" class=\"tablepress tablepress-id-3\">\n<thead>\n<tr class=\"row-1\">\n\t<th class=\"column-1\">Fecha Vencimiento<\/th><th class=\"column-2\">Pago Fraccionado<\/th><th class=\"column-3\">Pago Contado<\/th>\n<\/tr>\n<\/thead>\n<tbody class=\"row-striping row-hover\">\n<tr class=\"row-2\">\n\t<td class=\"column-1\">31 de Enero del 2025<\/td><td class=\"column-2\"><\/td><td class=\"column-3\">Cuota \u00danica :Pagando Todos los trimestres del a\u00f1o en curso.<\/td>\n<\/tr>\n<tr class=\"row-3\">\n\t<td class=\"column-1\">31 de Enero del 2025<\/td><td class=\"column-2\">1\u00ba Mes<\/td><td class=\"column-3\"><\/td>\n<\/tr>\n<tr class=\"row-4\">\n\t<td class=\"column-1\">28 de Febrero del 2025<\/td><td class=\"column-2\">2\u00ba Mes<\/td><td class=\"column-3\"><\/td>\n<\/tr>\n<tr class=\"row-5\">\n\t<td class=\"column-1\">31 de Marzo del 2025<\/td><td class=\"column-2\">3\u00ba Mes<\/td><td class=\"column-3\"><\/td>\n<\/tr>\n<tr class=\"row-6\">\n\t<td class=\"column-1\">30 de Abril del 2025<\/td><td class=\"column-2\">4\u00ba Mes<\/td><td class=\"column-3\"><\/td>\n<\/tr>\n<tr class=\"row-7\">\n\t<td class=\"column-1\">30 de Mayo del 2025<\/td><td class=\"column-2\">5\u00ba Mes<\/td><td class=\"column-3\"><\/td>\n<\/tr>\n<tr class=\"row-8\">\n\t<td class=\"column-1\">30 de Junio del 2025<\/td><td class=\"column-2\">6\u00ba Mes<\/td><td class=\"column-3\"><\/td>\n<\/tr>\n<tr class=\"row-9\">\n\t<td class=\"column-1\">31 de Julio del 2025<\/td><td class=\"column-2\">6\u00ba Mes<\/td><td class=\"column-3\"><\/td>\n<\/tr>\n<tr class=\"row-10\">\n\t<td class=\"column-1\">29 de Agosto del 2025<\/td><td class=\"column-2\">7\u00ba Mes<\/td><td class=\"column-3\"><\/td>\n<\/tr>\n<tr class=\"row-11\">\n\t<td class=\"column-1\">30 de Setiembre del 2025<\/td><td class=\"column-2\">9\u00ba Mes<\/td><td class=\"column-3\"><\/td>\n<\/tr>\n<tr class=\"row-12\">\n\t<td class=\"column-1\">31 de Octubre del 2025<\/td><td class=\"column-2\">10\u00ba Mes<\/td><td class=\"column-3\"><\/td>\n<\/tr>\n<tr class=\"row-13\">\n\t<td class=\"column-1\">28 de Noviembre del 2025<\/td><td class=\"column-2\">11\u00ba Mes<\/td><td class=\"column-3\"><\/td>\n<\/tr>\n<tr class=\"row-14\">\n\t<td class=\"column-1\">31 de Diciembre del 2025<\/td><td class=\"column-2\">12\u00ba Mes<\/td><td class=\"column-3\"><\/td>\n<\/tr>\n<\/tbody>\n<\/table>\n<!-- #tablepress-3 from cache -->[\/vc_column_text][vc_message message_box_style=\u00bboutline\u00bb style=\u00bbround\u00bb message_box_color=\u00bbgrey\u00bb css=\u00bb.vc_custom_1677261063884{padding-top: -50px !important;}\u00bb]NOTA: Sr. Contribuyente se le recuerda que el SATJLO no concede pr\u00f3rrogas en las fechas de vencimiento. En tal sentido no espere el \u00faltimo d\u00eda para realizar el pago correspondiente. (*) Fechas aprobadas con Ordenanza Municipal[\/vc_message][\/vc_column][\/vc_row]\n","protected":false},"excerpt":{"rendered":"<p>[vc_row][vc_column][vc_custom_heading text=\u00bbCronograma de Vencimientos\u00bb font_container=\u00bbtag:h1|font_size:40px|text_align:left|color:%23102c68&#8243; google_fonts=\u00bbfont_family:Open%20Sans%3A300%2C300italic%2Cregular%2Citalic%2C600%2C600italic%2C700%2C700italic%2C800%2C800italic|font_style:700%20bold%20regular%3A700%3Anormal\u00bb][\/vc_column][vc_column][vc_custom_heading text=\u00bbIMPUESTO PREDIAL\u00bb font_container=\u00bbtag:h1|font_size:30px|text_align:left|color:%23102c68&#8243; google_fonts=\u00bbfont_family:Open%20Sans%3A300%2C300italic%2Cregular%2Citalic%2C600%2C600italic%2C700%2C700italic%2C800%2C800italic|font_style:800%20bold%20regular%3A800%3Anormal\u00bb][\/vc_column][\/vc_row][vc_row content_placement=\u00bbmiddle\u00bb][vc_column width=\u00bb2\/3&#8243;][vc_column_text css_animation=\u00bbnone\u00bb font_family=\u00bbPoppins\u00bb font_size=\u00bb18px\u00bb css=\u00bb.vc_custom_1757019972805{padding-top: 20px !important;}\u00bb][\/vc_column_text][vc_message message_box_style=\u00bboutline\u00bb style=\u00bbround\u00bb message_box_color=\u00bbgrey\u00bb css=\u00bb.vc_custom_1762294245973{padding-top: -50px !important;}\u00bb]NOTA: Sr. Contribuyente se le recuerda que el SAT JLO no concede pr\u00f3rrogas en las fechas de vencimiento. En tal sentido no espere el \u00faltimo d\u00eda para realizar el pago correspondiente. (*)&hellip;<\/p>\n","protected":false},"author":1,"featured_media":0,"parent":432,"menu_order":0,"comment_status":"closed","ping_status":"closed","template":"templates\/no-sidebar.php","meta":{"footnotes":""},"class_list":["post-483","page","type-page","status-publish","hentry","entry","no-media"],"_links":{"self":[{"href":"https:\/\/www.satjlo.gob.pe\/dashboard\/wp-json\/wp\/v2\/pages\/483","targetHints":{"allow":["GET"]}}],"collection":[{"href":"https:\/\/www.satjlo.gob.pe\/dashboard\/wp-json\/wp\/v2\/pages"}],"about":[{"href":"https:\/\/www.satjlo.gob.pe\/dashboard\/wp-json\/wp\/v2\/types\/page"}],"author":[{"embeddable":true,"href":"https:\/\/www.satjlo.gob.pe\/dashboard\/wp-json\/wp\/v2\/users\/1"}],"replies":[{"embeddable":true,"href":"https:\/\/www.satjlo.gob.pe\/dashboard\/wp-json\/wp\/v2\/comments?post=483"}],"version-history":[{"count":28,"href":"https:\/\/www.satjlo.gob.pe\/dashboard\/wp-json\/wp\/v2\/pages\/483\/revisions"}],"predecessor-version":[{"id":2382,"href":"https:\/\/www.satjlo.gob.pe\/dashboard\/wp-json\/wp\/v2\/pages\/483\/revisions\/2382"}],"up":[{"embeddable":true,"href":"https:\/\/www.satjlo.gob.pe\/dashboard\/wp-json\/wp\/v2\/pages\/432"}],"wp:attachment":[{"href":"https:\/\/www.satjlo.gob.pe\/dashboard\/wp-json\/wp\/v2\/media?parent=483"}],"curies":[{"name":"wp","href":"https:\/\/api.w.org\/{rel}","templated":true}]}}