{"id":16,"date":"2021-08-31T18:06:33","date_gmt":"2021-08-31T18:06:33","guid":{"rendered":"https:\/\/www.globalcaex.com\/?page_id=16"},"modified":"2025-11-04T15:38:50","modified_gmt":"2025-11-04T20:38:50","slug":"quienes-somos","status":"publish","type":"page","link":"https:\/\/www.satjlo.gob.pe\/dashboard\/quienes-somos\/","title":{"rendered":"\u00bfQui\u00e9nes Somos?"},"content":{"rendered":"[vc_row][vc_column width=\u00bb12\/12&#8243;][vc_row_inner][vc_column_inner]<div class=\"vcex-module vcex-icon-box vcex-icon-box-one wpex-relative wpex-flex wpex-mb-0 wpex-text-left\"><div class=\"vcex-icon-box-symbol wpex-flex-shrink-0 wpex-mr-5\" style=\"width:130px;\"><div class=\"vcex-icon-box-icon wpex-inline-flex wpex-items-center wpex-justify-center wpex-child-inherit-color wpex-text-center wpex-leading-none wpex-w-100 wpex-text-black wpex-border-solid wpex-border-2 wpex-shadow-md\" style=\"color:#f88306;font-size:80px;border-radius:50%;background:#ffffff;height:130px;\"><span class=\"ticon ticon-university\" aria-hidden=\"true\"><\/span><\/div><\/div><div class=\"vcex-icon-box-text wpex-flex-grow\"><h2 class=\"vcex-icon-box-heading wpex-heading wpex-text-md wpex-mb-10\" style=\"font-family:&#039;Open Sans&#039;,sans-serif;font-weight:900;color:#102c68;font-size:35px;text-transform:uppercase;\">\u00bfQui\u00e9nes somos?<\/h2><div class=\"vcex-icon-box-content wpex-last-mb-0 wpex-clr\" style=\"color:#000000;font-size:18px;\"><p style=\"text-align: justify\">Somos una Instituci\u00f3n Tributaria encargada de gestionar la recaudaci\u00f3n de ingresos tributarios y no tributarios de la Municipalidad Distrital de Jos\u00e9 Leonardo Ortiz, optimizando el cumplimiento de las obligaciones de los administrados.<\/p>\n<\/div><\/div><\/div>[\/vc_column_inner][\/vc_row_inner][vc_row_inner][vc_column_inner width=\u00bb1\/3&#8243;]<div class=\"vcex-module vcex-icon-box vcex-icon-box-two wpex-relative wpex-text-center\"><div class=\"vcex-icon-box-symbol wpex-mb-20\"><div class=\"vcex-icon-box-icon wpex-inline-flex wpex-items-center wpex-justify-center wpex-child-inherit-color wpex-text-center wpex-leading-none wpex-text-black wpex-border-solid wpex-border-2 wpex-shadow-md\" style=\"color:#f88306;font-size:80px;border-radius:50%;background:#ffffff;width:130px;height:130px;\"><span class=\"ticon ticon-handshake-o\" aria-hidden=\"true\"><\/span><\/div><\/div><div class=\"vcex-icon-box-text\"><h2 class=\"vcex-icon-box-heading wpex-heading wpex-text-md wpex-mb-10\" style=\"font-family:&#039;Open Sans&#039;,sans-serif;font-weight:900;color:#102c68;font-size:35px;\">MISI\u00d3N<\/h2><div class=\"vcex-icon-box-content wpex-last-mb-0 wpex-clr\" style=\"color:#000000;font-size:18px;\"><p style=\"text-align: justify\">Gestionar la recaudaci\u00f3n de ingresos Tributarios y No Tributarios de la Municipalidad Distrital de Jos\u00e9 Leonardo Ortiz, a trav\u00e9s de la presentaci\u00f3n de servicios con excelencia, honestidad y \u00e9tica, enfoc\u00e1ndonos a reducir los niveles de evasi\u00f3n y morosidad, facilitando el cumplimiento voluntario de las obligaciones tributarias.<\/p>\n<\/div><\/div><\/div>[\/vc_column_inner][vc_column_inner width=\u00bb1\/3&#8243;]<div class=\"vcex-module vcex-icon-box vcex-icon-box-two wpex-relative wpex-text-center\"><div class=\"vcex-icon-box-symbol wpex-mb-20\"><div class=\"vcex-icon-box-icon wpex-inline-flex wpex-items-center wpex-justify-center wpex-child-inherit-color wpex-text-center wpex-leading-none wpex-text-black wpex-border-solid wpex-border-2 wpex-shadow-md\" style=\"color:#f88306;font-size:80px;border-radius:50%;background:#ffffff;width:130px;height:130px;\"><span class=\"ticon ticon-flag\" aria-hidden=\"true\"><\/span><\/div><\/div><div class=\"vcex-icon-box-text\"><h2 class=\"vcex-icon-box-heading wpex-heading wpex-text-md wpex-mb-10\" style=\"font-family:&#039;Open Sans&#039;,sans-serif;font-weight:900;color:#102c68;font-size:35px;\">VISI\u00d3N<\/h2><div class=\"vcex-icon-box-content wpex-last-mb-0 wpex-clr\" style=\"color:#000000;font-size:18px;\"><p style=\"text-align: justify\">Constituirnos como una entidad l\u00edder en la Administraci\u00f3n Tributaria de la regi\u00f3n Lambayecana, con efectividad en sus resultados, con procesos eficientes y transparentes conformados por colaboradores con valores \u00e9ticos, altamente capacitados y con vocaci\u00f3n de servicio.<\/p>\n<\/div><\/div><\/div>[\/vc_column_inner][vc_column_inner width=\u00bb1\/3&#8243;]<div class=\"vcex-module vcex-icon-box vcex-icon-box-two wpex-relative wpex-text-center\"><div class=\"vcex-icon-box-symbol wpex-mb-20\"><div class=\"vcex-icon-box-icon wpex-inline-flex wpex-items-center wpex-justify-center wpex-child-inherit-color wpex-text-center wpex-leading-none wpex-text-black wpex-border-solid wpex-border-2 wpex-shadow-md\" style=\"color:#f88306;font-size:80px;border-radius:50%;background:#ffffff;width:130px;height:130px;\"><span class=\"ticon ticon-book\" aria-hidden=\"true\"><\/span><\/div><\/div><div class=\"vcex-icon-box-text\"><h2 class=\"vcex-icon-box-heading wpex-heading wpex-text-md wpex-mb-10\" style=\"font-family:&#039;Open Sans&#039;,sans-serif;font-weight:900;color:#102c68;font-size:35px;\">VALORES<\/h2><div class=\"vcex-icon-box-content wpex-last-mb-0 wpex-clr\" style=\"color:#000000;font-size:18px;\"><p style=\"text-align: justify\">El desarrollo institucional del Servicio de Administraci\u00f3n Tributaria de Jos\u00e9 Leonardo Ortiz &#8211; SAT JLO, tiene como base los siguientes valores:<\/p>\n<ul>\n<li style=\"text-align: justify\">Honestidad<\/li>\n<li style=\"text-align: justify\">Responsabilidad<\/li>\n<li style=\"text-align: justify\">Equidad Vocaci\u00f3n de servicio<\/li>\n<li style=\"text-align: justify\">Transparencia.<\/li>\n<\/ul>\n<\/div><\/div><\/div>[\/vc_column_inner][\/vc_row_inner][\/vc_column][\/vc_row][vc_row][vc_column][vc_single_image image=\u00bb2132&#8243;][\/vc_column][\/vc_row]\n","protected":false},"excerpt":{"rendered":"<p>[vc_row][vc_column width=\u00bb12\/12&#8243;][vc_row_inner][vc_column_inner][\/vc_column_inner][\/vc_row_inner][vc_row_inner][vc_column_inner width=\u00bb1\/3&#8243;][\/vc_column_inner][vc_column_inner width=\u00bb1\/3&#8243;][\/vc_column_inner][vc_column_inner width=\u00bb1\/3&#8243;][\/vc_column_inner][\/vc_row_inner][\/vc_column][\/vc_row][vc_row][vc_column][vc_single_image image=\u00bb2132&#8243;][\/vc_column][\/vc_row]<\/p>\n","protected":false},"author":1,"featured_media":0,"parent":0,"menu_order":0,"comment_status":"closed","ping_status":"closed","template":"templates\/no-sidebar.php","meta":{"footnotes":""},"class_list":["post-16","page","type-page","status-publish","hentry","entry","no-media"],"_links":{"self":[{"href":"https:\/\/www.satjlo.gob.pe\/dashboard\/wp-json\/wp\/v2\/pages\/16","targetHints":{"allow":["GET"]}}],"collection":[{"href":"https:\/\/www.satjlo.gob.pe\/dashboard\/wp-json\/wp\/v2\/pages"}],"about":[{"href":"https:\/\/www.satjlo.gob.pe\/dashboard\/wp-json\/wp\/v2\/types\/page"}],"author":[{"embeddable":true,"href":"https:\/\/www.satjlo.gob.pe\/dashboard\/wp-json\/wp\/v2\/users\/1"}],"replies":[{"embeddable":true,"href":"https:\/\/www.satjlo.gob.pe\/dashboard\/wp-json\/wp\/v2\/comments?post=16"}],"version-history":[{"count":18,"href":"https:\/\/www.satjlo.gob.pe\/dashboard\/wp-json\/wp\/v2\/pages\/16\/revisions"}],"predecessor-version":[{"id":2378,"href":"https:\/\/www.satjlo.gob.pe\/dashboard\/wp-json\/wp\/v2\/pages\/16\/revisions\/2378"}],"wp:attachment":[{"href":"https:\/\/www.satjlo.gob.pe\/dashboard\/wp-json\/wp\/v2\/media?parent=16"}],"curies":[{"name":"wp","href":"https:\/\/api.w.org\/{rel}","templated":true}]}}