{"id":1089,"date":"2022-11-23T15:41:47","date_gmt":"2022-11-23T20:41:47","guid":{"rendered":"http:\/\/www.satjlo.gob.pe\/dashboard\/?page_id=1089"},"modified":"2025-09-06T12:59:55","modified_gmt":"2025-09-06T17:59:55","slug":"organizacion","status":"publish","type":"page","link":"https:\/\/www.satjlo.gob.pe\/dashboard\/organizacion\/","title":{"rendered":"Organizaci\u00f3n"},"content":{"rendered":"[vc_row css=\u00bb.vc_custom_1669225890977{padding-top: 0px !important;padding-bottom: 0px !important;}\u00bb][vc_column width=\u00bb1\/2&#8243;][vc_single_image image=\u00bb1093&#8243; css_animation=\u00bbnone\u00bb][\/vc_column][vc_column width=\u00bb1\/2&#8243;][vc_tta_tour style=\u00bbmodern\u00bb color=\u00bbturquoise\u00bb controls_size=\u00bblg\u00bb active_section=\u00bb1&#8243; css_animation=\u00bbnone\u00bb no_fill_content_area=\u00bbtrue\u00bb css=\u00bb.vc_custom_1669236813960{padding-top: 0px !important;padding-bottom: 0px !important;}\u00bb][vc_tta_section i_icon_fontawesome=\u00bbfas fa-folder-open\u00bb add_icon=\u00bbtrue\u00bb title=\u00bbGerencia General\u00bb tab_id=\u00bbGG\u00bb][vc_column_text]\n<p style=\"text-align: justify;\">Es el \u00f3rgano de mayor jerarqu\u00eda en la estructura organizacional de la entidad y le corresponde la representaci\u00f3n legal, direcci\u00f3n general, organizaci\u00f3n y administraci\u00f3n de la misma.<\/p>\n<p style=\"text-align: justify;\"><img decoding=\"async\" class=\"size-medium wp-image-2132 aligncenter\" src=\"https:\/\/www.satjlo.gob.pe\/dashboard\/wp-content\/uploads\/2025\/09\/SATJLO-300x169.jpg\" alt=\"\" width=\"300\" height=\"169\" srcset=\"https:\/\/www.satjlo.gob.pe\/dashboard\/wp-content\/uploads\/2025\/09\/SATJLO-300x169.jpg 300w, https:\/\/www.satjlo.gob.pe\/dashboard\/wp-content\/uploads\/2025\/09\/SATJLO-1024x576.jpg 1024w, https:\/\/www.satjlo.gob.pe\/dashboard\/wp-content\/uploads\/2025\/09\/SATJLO-768x432.jpg 768w, https:\/\/www.satjlo.gob.pe\/dashboard\/wp-content\/uploads\/2025\/09\/SATJLO-1536x864.jpg 1536w, https:\/\/www.satjlo.gob.pe\/dashboard\/wp-content\/uploads\/2025\/09\/SATJLO-20x11.jpg 20w, https:\/\/www.satjlo.gob.pe\/dashboard\/wp-content\/uploads\/2025\/09\/SATJLO.jpg 1920w\" sizes=\"(max-width: 300px) 100vw, 300px\" \/><\/p>\n[\/vc_column_text][\/vc_tta_section][vc_tta_section i_icon_fontawesome=\u00bbfas fa-folder-open\u00bb add_icon=\u00bbtrue\u00bb title=\u00bbGerencia de Administraci\u00f3n\u00bb tab_id=\u00bbGA\u00bb][vc_column_text]\n<p style=\"text-align: justify;\">Es el \u00f3rgano responsable del manejo administrativo, contable y financiero del pliego constituido por la entidad. Tiene por finalidad efectuar una adecuada gesti\u00f3n y aplicaci\u00f3n de los procedimientos en aspectos de ejecuci\u00f3n administrativa, financiera, contable, patrimonial y de fondos, as\u00ed como la provisi\u00f3n de recursos materiales y humanos de acuerdo a las necesidades de la entidad y las normas vigentes.<\/p>\n<ul>\n<li style=\"text-align: justify;\"><strong>Sub Gerencia de Log\u00edstica y Recursos Humanos: <\/strong>Es la encargada de efectuar el control sobre las acciones de abastecimiento de los recursos materiales, de personal y de servicios que requiere el SATJLO para el desarrollo de sus funciones.<\/li>\n<li style=\"text-align: justify;\"><strong>Sub Gerencia de Contabilidad: <\/strong>Es la encargada de formular y presentar el Balance Contable adem\u00e1s de los Estados Financieros y Presupuestarios de la entidad, de acuerdo con la normatividad que rige el proceso presupuestario y contable gubernamental.<\/li>\n<li style=\"text-align: justify;\"><strong>Sub Gerencia de Tesorer\u00eda: <\/strong>Es la encargada de planear, organizar, dirigir y controlar la administraci\u00f3n de los recursos econ\u00f3micos de la entidad, de acuerdo con la normatividad que rige el Sistema de Tesorer\u00eda del Estado.<\/li>\n<\/ul>\n[\/vc_column_text][\/vc_tta_section][vc_tta_section i_icon_fontawesome=\u00bbfas fa-folder-open\u00bb add_icon=\u00bbtrue\u00bb title=\u00bbGerencia de Planeamiento y Presupuesto\u00bb tab_id=\u00bbGPP\u00bb][vc_column_text]\n<p style=\"text-align: justify;\">Es el \u00f3rgano encargado del manejo presupuestal de la entidad, as\u00ed como el dise\u00f1o, elaboraci\u00f3n y evaluaci\u00f3n de los planes, programas y proyectos de desarrollo del <em><span style=\"text-decoration: underline;\"><strong>Servicio de Administraci\u00f3n Tributaria de Jos\u00e9 Leonardo Ortiz.<\/strong><\/span><\/em><\/p>\n<p style=\"text-align: justify;\"><img decoding=\"async\" class=\"size-medium wp-image-2132 aligncenter\" src=\"https:\/\/www.satjlo.gob.pe\/dashboard\/wp-content\/uploads\/2025\/09\/SATJLO-300x169.jpg\" alt=\"\" width=\"300\" height=\"169\" srcset=\"https:\/\/www.satjlo.gob.pe\/dashboard\/wp-content\/uploads\/2025\/09\/SATJLO-300x169.jpg 300w, https:\/\/www.satjlo.gob.pe\/dashboard\/wp-content\/uploads\/2025\/09\/SATJLO-1024x576.jpg 1024w, https:\/\/www.satjlo.gob.pe\/dashboard\/wp-content\/uploads\/2025\/09\/SATJLO-768x432.jpg 768w, https:\/\/www.satjlo.gob.pe\/dashboard\/wp-content\/uploads\/2025\/09\/SATJLO-1536x864.jpg 1536w, https:\/\/www.satjlo.gob.pe\/dashboard\/wp-content\/uploads\/2025\/09\/SATJLO-20x11.jpg 20w, https:\/\/www.satjlo.gob.pe\/dashboard\/wp-content\/uploads\/2025\/09\/SATJLO.jpg 1920w\" sizes=\"(max-width: 300px) 100vw, 300px\" \/><\/p>\n[\/vc_column_text][\/vc_tta_section][vc_tta_section i_icon_fontawesome=\u00bbfas fa-folder-open\u00bb add_icon=\u00bbtrue\u00bb title=\u00bbGerencia de Asesor\u00eda Jur\u00eddica\u00bb tab_id=\u00bbGAJ\u00bb][vc_column_text]\n<p style=\"text-align: justify; padding-left: 40px;\">Es la unidad encargada de prestar apoyo y respaldo jur\u00eddico en los asuntos institucionales.<\/p>\n<p style=\"text-align: justify;\"><img decoding=\"async\" class=\"size-medium wp-image-2132 aligncenter\" src=\"https:\/\/www.satjlo.gob.pe\/dashboard\/wp-content\/uploads\/2025\/09\/SATJLO-300x169.jpg\" alt=\"\" width=\"300\" height=\"169\" srcset=\"https:\/\/www.satjlo.gob.pe\/dashboard\/wp-content\/uploads\/2025\/09\/SATJLO-300x169.jpg 300w, https:\/\/www.satjlo.gob.pe\/dashboard\/wp-content\/uploads\/2025\/09\/SATJLO-1024x576.jpg 1024w, https:\/\/www.satjlo.gob.pe\/dashboard\/wp-content\/uploads\/2025\/09\/SATJLO-768x432.jpg 768w, https:\/\/www.satjlo.gob.pe\/dashboard\/wp-content\/uploads\/2025\/09\/SATJLO-1536x864.jpg 1536w, https:\/\/www.satjlo.gob.pe\/dashboard\/wp-content\/uploads\/2025\/09\/SATJLO-20x11.jpg 20w, https:\/\/www.satjlo.gob.pe\/dashboard\/wp-content\/uploads\/2025\/09\/SATJLO.jpg 1920w\" sizes=\"(max-width: 300px) 100vw, 300px\" \/><\/p>\n[\/vc_column_text][\/vc_tta_section][vc_tta_section i_icon_fontawesome=\u00bbfas fa-folder-open\u00bb add_icon=\u00bbtrue\u00bb title=\u00bbGerencia de Operaciones\u00bb tab_id=\u00bbGO\u00bb][vc_column_text]\n<p style=\"text-align: justify;\">Es el \u00f3rgano encargado de dirigir, supervisar y coordinar el desarrollo de las labores de los \u00f3rganos operativos de la entidad. Tiene por finalidad coordinar y supervisar el cumplimiento de las metas establecidas para los \u00f3rganos operativos de la entidad, en concordancia con las pol\u00edticas y estrategias institucionales.<\/p>\n<ul>\n<li style=\"text-align: justify;\"><strong>Sub Gerencia de Registro y Fiscalizaci\u00f3n: <\/strong>Es la unidad encargada de brindar informaci\u00f3n, atenci\u00f3n y apoyo a los administrados respecto a sus obligaciones con la administraci\u00f3n tributaria, as\u00ed como, realizar su inscripci\u00f3n y registro en las bases de datos de la Administraci\u00f3n.\n<p id=\"fj5e9\">Es la encargada de realizar las acciones de fiscalizaci\u00f3n para la correcta determinaci\u00f3n de las obligaciones tributarias de los administrados<\/p>\n<\/li>\n<li style=\"text-align: justify;\"><strong>Sub Gerencia de Recaudaci\u00f3n y Control de la Deuda: <\/strong>Es la encargada de la recaudaci\u00f3n de los ingresos tributarios y no tributarios, y de controlar la deuda por cobrar a cargo de la entidad.<\/li>\n<li style=\"text-align: justify;\"><strong>Sub Gerencia de Ejecuci\u00f3n Coactiva: <\/strong>Es la encargada de ejercer a nombre de la entidad, las acciones de coerci\u00f3n para el cumplimiento de las obligaciones.<\/li>\n<\/ul>\n[\/vc_column_text][\/vc_tta_section][vc_tta_section i_icon_fontawesome=\u00bbfas fa-folder-open\u00bb add_icon=\u00bbtrue\u00bb title=\u00bbGerencia de Tecnolog\u00edas de la Informaci\u00f3n\u00bb tab_id=\u00bbGTI\u00bb][vc_column_text]\n<p style=\"text-align: justify;\">Es la unidad encargada de dise\u00f1ar, sistematizar, dirigir, integrar y coordinar el sistema informatico del SATJLO.<\/p>\n<p style=\"text-align: justify;\"><img decoding=\"async\" class=\"wp-image-1097 size-medium aligncenter\" src=\"https:\/\/www.satjlo.gob.pe\/dashboard\/wp-content\/uploads\/2022\/11\/\u2014Pngtree\u2014information-technology-cloud-computing-computer_6406341-2-300x300.png\" alt=\"\" width=\"300\" height=\"300\" srcset=\"https:\/\/www.satjlo.gob.pe\/dashboard\/wp-content\/uploads\/2022\/11\/\u2014Pngtree\u2014information-technology-cloud-computing-computer_6406341-2-300x300.png 300w, https:\/\/www.satjlo.gob.pe\/dashboard\/wp-content\/uploads\/2022\/11\/\u2014Pngtree\u2014information-technology-cloud-computing-computer_6406341-2-1024x1024.png 1024w, https:\/\/www.satjlo.gob.pe\/dashboard\/wp-content\/uploads\/2022\/11\/\u2014Pngtree\u2014information-technology-cloud-computing-computer_6406341-2-150x150.png 150w, https:\/\/www.satjlo.gob.pe\/dashboard\/wp-content\/uploads\/2022\/11\/\u2014Pngtree\u2014information-technology-cloud-computing-computer_6406341-2-768x768.png 768w, https:\/\/www.satjlo.gob.pe\/dashboard\/wp-content\/uploads\/2022\/11\/\u2014Pngtree\u2014information-technology-cloud-computing-computer_6406341-2-20x20.png 20w, https:\/\/www.satjlo.gob.pe\/dashboard\/wp-content\/uploads\/2022\/11\/\u2014Pngtree\u2014information-technology-cloud-computing-computer_6406341-2.png 1200w\" sizes=\"(max-width: 300px) 100vw, 300px\" \/><\/p>\n[\/vc_column_text][\/vc_tta_section][vc_tta_section i_icon_fontawesome=\u00bbfas fa-folder-open\u00bb add_icon=\u00bbtrue\u00bb title=\u00bbOficina para la Defensor\u00eda del Contribuyente\u00bb tab_id=\u00bbODC\u00bb][vc_column_text]\n<p style=\"text-align: justify;\">Es el \u00f3rgano encargado de velar por la defensa de los derechos fundamentales del administrado. Eval\u00faa el v\u00ednculo normativo y de gesti\u00f3n entre la administraci\u00f3n y el administrado. Adicionalmente, para un mejor desenvolvimiento funcional podr\u00e1 coordinar con otras organizaciones externas vinculadas a las funciones de la entidad.<\/p>\n<p><img decoding=\"async\" class=\"size-medium wp-image-2132 aligncenter\" src=\"https:\/\/www.satjlo.gob.pe\/dashboard\/wp-content\/uploads\/2025\/09\/SATJLO-300x169.jpg\" alt=\"\" width=\"300\" height=\"169\" srcset=\"https:\/\/www.satjlo.gob.pe\/dashboard\/wp-content\/uploads\/2025\/09\/SATJLO-300x169.jpg 300w, https:\/\/www.satjlo.gob.pe\/dashboard\/wp-content\/uploads\/2025\/09\/SATJLO-1024x576.jpg 1024w, https:\/\/www.satjlo.gob.pe\/dashboard\/wp-content\/uploads\/2025\/09\/SATJLO-768x432.jpg 768w, https:\/\/www.satjlo.gob.pe\/dashboard\/wp-content\/uploads\/2025\/09\/SATJLO-1536x864.jpg 1536w, https:\/\/www.satjlo.gob.pe\/dashboard\/wp-content\/uploads\/2025\/09\/SATJLO-20x11.jpg 20w, https:\/\/www.satjlo.gob.pe\/dashboard\/wp-content\/uploads\/2025\/09\/SATJLO.jpg 1920w\" sizes=\"(max-width: 300px) 100vw, 300px\" \/>[\/vc_column_text][\/vc_tta_section][vc_tta_section i_icon_fontawesome=\u00bbfas fa-folder-open\u00bb add_icon=\u00bbtrue\u00bb title=\u00bbOficina de Gesti\u00f3n Social e Imagen\u00bb tab_id=\u00bbOGSI\u00bb][vc_column_text]\n<p style=\"text-align: justify;\">Es responsable de promover proyectos sociales, velar que la gesti\u00f3n y pol\u00edtica institucional respete y diferencie los estratos socio-econ\u00f3micos de la poblaci\u00f3n, as\u00ed como asegurar que las relaciones entre la entidad, los contribuyentes, administrados y otras instituciones en general, se desarrollen y mantengan en la mejor armon\u00eda y rec\u00edproca colaboraci\u00f3n.<\/p>\n<p style=\"text-align: justify;\"><img decoding=\"async\" class=\"size-medium wp-image-2132 aligncenter\" src=\"https:\/\/www.satjlo.gob.pe\/dashboard\/wp-content\/uploads\/2025\/09\/SATJLO-300x169.jpg\" alt=\"\" width=\"300\" height=\"169\" srcset=\"https:\/\/www.satjlo.gob.pe\/dashboard\/wp-content\/uploads\/2025\/09\/SATJLO-300x169.jpg 300w, https:\/\/www.satjlo.gob.pe\/dashboard\/wp-content\/uploads\/2025\/09\/SATJLO-1024x576.jpg 1024w, https:\/\/www.satjlo.gob.pe\/dashboard\/wp-content\/uploads\/2025\/09\/SATJLO-768x432.jpg 768w, https:\/\/www.satjlo.gob.pe\/dashboard\/wp-content\/uploads\/2025\/09\/SATJLO-1536x864.jpg 1536w, https:\/\/www.satjlo.gob.pe\/dashboard\/wp-content\/uploads\/2025\/09\/SATJLO-20x11.jpg 20w, https:\/\/www.satjlo.gob.pe\/dashboard\/wp-content\/uploads\/2025\/09\/SATJLO.jpg 1920w\" sizes=\"(max-width: 300px) 100vw, 300px\" \/><\/p>\n[\/vc_column_text][\/vc_tta_section][\/vc_tta_tour][\/vc_column][\/vc_row]\n","protected":false},"excerpt":{"rendered":"<p>[vc_row css=\u00bb.vc_custom_1669225890977{padding-top: 0px !important;padding-bottom: 0px !important;}\u00bb][vc_column width=\u00bb1\/2&#8243;][vc_single_image image=\u00bb1093&#8243; css_animation=\u00bbnone\u00bb][\/vc_column][vc_column width=\u00bb1\/2&#8243;][vc_tta_tour style=\u00bbmodern\u00bb color=\u00bbturquoise\u00bb controls_size=\u00bblg\u00bb active_section=\u00bb1&#8243; css_animation=\u00bbnone\u00bb no_fill_content_area=\u00bbtrue\u00bb css=\u00bb.vc_custom_1669236813960{padding-top: 0px !important;padding-bottom: 0px !important;}\u00bb][vc_tta_section i_icon_fontawesome=\u00bbfas fa-folder-open\u00bb add_icon=\u00bbtrue\u00bb title=\u00bbGerencia General\u00bb tab_id=\u00bbGG\u00bb][vc_column_text] Es el \u00f3rgano de mayor jerarqu\u00eda en la estructura organizacional de la entidad y le corresponde la representaci\u00f3n legal, direcci\u00f3n general, organizaci\u00f3n y administraci\u00f3n de la misma. [\/vc_column_text][\/vc_tta_section][vc_tta_section&hellip;<\/p>\n","protected":false},"author":1,"featured_media":0,"parent":0,"menu_order":0,"comment_status":"closed","ping_status":"closed","template":"templates\/no-sidebar.php","meta":{"footnotes":""},"class_list":["post-1089","page","type-page","status-publish","hentry","entry","no-media"],"_links":{"self":[{"href":"https:\/\/www.satjlo.gob.pe\/dashboard\/wp-json\/wp\/v2\/pages\/1089","targetHints":{"allow":["GET"]}}],"collection":[{"href":"https:\/\/www.satjlo.gob.pe\/dashboard\/wp-json\/wp\/v2\/pages"}],"about":[{"href":"https:\/\/www.satjlo.gob.pe\/dashboard\/wp-json\/wp\/v2\/types\/page"}],"author":[{"embeddable":true,"href":"https:\/\/www.satjlo.gob.pe\/dashboard\/wp-json\/wp\/v2\/users\/1"}],"replies":[{"embeddable":true,"href":"https:\/\/www.satjlo.gob.pe\/dashboard\/wp-json\/wp\/v2\/comments?post=1089"}],"version-history":[{"count":21,"href":"https:\/\/www.satjlo.gob.pe\/dashboard\/wp-json\/wp\/v2\/pages\/1089\/revisions"}],"predecessor-version":[{"id":2180,"href":"https:\/\/www.satjlo.gob.pe\/dashboard\/wp-json\/wp\/v2\/pages\/1089\/revisions\/2180"}],"wp:attachment":[{"href":"https:\/\/www.satjlo.gob.pe\/dashboard\/wp-json\/wp\/v2\/media?parent=1089"}],"curies":[{"name":"wp","href":"https:\/\/api.w.org\/{rel}","templated":true}]}}