{"id":1042,"date":"2022-11-16T13:07:41","date_gmt":"2022-11-16T18:07:41","guid":{"rendered":"http:\/\/www.satjlo.gob.pe\/dashboard\/?page_id=1042"},"modified":"2024-06-17T09:53:01","modified_gmt":"2024-06-17T14:53:01","slug":"consulta_tramite","status":"publish","type":"page","link":"https:\/\/www.satjlo.gob.pe\/dashboard\/consulta_tramite\/","title":{"rendered":"Consulta tu tr\u00e1mite"},"content":{"rendered":"[vc_row content_placement=\u00bbtop\u00bb css=\u00bb.vc_custom_1668616282768{margin-top: 0px !important;margin-bottom: 0px !important;border-top-width: 0px !important;border-bottom-width: 0px !important;padding-top: 0px !important;padding-bottom: 0px !important;}\u00bb][vc_column width=\u00bb1\/4&#8243; css=\u00bb.vc_custom_1668616318013{margin-top: 0px !important;padding-top: 30px !important;}\u00bb][vc_single_image image=\u00bb1057&#8243; css_animation=\u00bbbounceIn\u00bb alignment=\u00bbcenter\u00bb][\/vc_column][vc_column width=\u00bb3\/4&#8243; css=\u00bb.vc_custom_1668616230650{padding-top: 0px !important;padding-left: 0px !important;}\u00bb][vc_column_text font_family=\u00bbOpen Sans\u00bb font_size=\u00bb18px\u00bb css=\u00bb.vc_custom_1718635963906{padding-top: 0px !important;padding-bottom: 0px !important;}\u00bb]<iframe loading=\"lazy\" class=\"wrapper\" title=\"Consulta Tramite SATJLO\" src=\"https:\/\/mpv.satjlo.gob.pe:7443\/sissat\/public\/consultatramite\" name=\"iframe\" width=\"100%\" height=\"550\" frameborder=\"0\" scrolling=\"auto\"><br \/>\nEsta opci\u00f3n no funcionar\u00e1 correctamente. Lamentablemente, su navegador no soporta URLs embebidas. <a href=\"http:\/\/mpv.satjlo.gob.pe:81\/sissat\/public\/consultatramite\">Haga clic Aqu\u00ed<\/a><br \/>\n<\/iframe>[\/vc_column_text][\/vc_column][\/vc_row]\n","protected":false},"excerpt":{"rendered":"<p>[vc_row content_placement=\u00bbtop\u00bb css=\u00bb.vc_custom_1668616282768{margin-top: 0px !important;margin-bottom: 0px !important;border-top-width: 0px !important;border-bottom-width: 0px !important;padding-top: 0px !important;padding-bottom: 0px !important;}\u00bb][vc_column width=\u00bb1\/4&#8243; css=\u00bb.vc_custom_1668616318013{margin-top: 0px !important;padding-top: 30px !important;}\u00bb][vc_single_image image=\u00bb1057&#8243; css_animation=\u00bbbounceIn\u00bb alignment=\u00bbcenter\u00bb][\/vc_column][vc_column width=\u00bb3\/4&#8243; css=\u00bb.vc_custom_1668616230650{padding-top: 0px !important;padding-left: 0px !important;}\u00bb][vc_column_text font_family=\u00bbOpen Sans\u00bb font_size=\u00bb18px\u00bb css=\u00bb.vc_custom_1718635963906{padding-top: 0px !important;padding-bottom: 0px !important;}\u00bb] Esta opci\u00f3n no funcionar\u00e1 correctamente. Lamentablemente, su navegador no soporta URLs embebidas. Haga clic Aqu\u00ed [\/vc_column_text][\/vc_column][\/vc_row]<\/p>\n","protected":false},"author":1,"featured_media":0,"parent":0,"menu_order":0,"comment_status":"closed","ping_status":"closed","template":"templates\/no-sidebar.php","meta":{"footnotes":""},"class_list":["post-1042","page","type-page","status-publish","hentry","entry","no-media"],"_links":{"self":[{"href":"https:\/\/www.satjlo.gob.pe\/dashboard\/wp-json\/wp\/v2\/pages\/1042","targetHints":{"allow":["GET"]}}],"collection":[{"href":"https:\/\/www.satjlo.gob.pe\/dashboard\/wp-json\/wp\/v2\/pages"}],"about":[{"href":"https:\/\/www.satjlo.gob.pe\/dashboard\/wp-json\/wp\/v2\/types\/page"}],"author":[{"embeddable":true,"href":"https:\/\/www.satjlo.gob.pe\/dashboard\/wp-json\/wp\/v2\/users\/1"}],"replies":[{"embeddable":true,"href":"https:\/\/www.satjlo.gob.pe\/dashboard\/wp-json\/wp\/v2\/comments?post=1042"}],"version-history":[{"count":21,"href":"https:\/\/www.satjlo.gob.pe\/dashboard\/wp-json\/wp\/v2\/pages\/1042\/revisions"}],"predecessor-version":[{"id":1626,"href":"https:\/\/www.satjlo.gob.pe\/dashboard\/wp-json\/wp\/v2\/pages\/1042\/revisions\/1626"}],"wp:attachment":[{"href":"https:\/\/www.satjlo.gob.pe\/dashboard\/wp-json\/wp\/v2\/media?parent=1042"}],"curies":[{"name":"wp","href":"https:\/\/api.w.org\/{rel}","templated":true}]}}