{"id":1000,"date":"2022-11-14T10:00:01","date_gmt":"2022-11-14T15:00:01","guid":{"rendered":"http:\/\/www.satjlo.gob.pe\/dashboard\/?page_id=1000"},"modified":"2022-11-29T11:06:42","modified_gmt":"2022-11-29T16:06:42","slug":"remates","status":"publish","type":"page","link":"https:\/\/www.satjlo.gob.pe\/dashboard\/remates\/","title":{"rendered":"Remates P\u00fablicos"},"content":{"rendered":"[vc_row][vc_column][vc_custom_heading text=\u00bbRemates del Servicio de Administraci\u00f3n Tributaria de Jos\u00e9 L. Ortiz\u00bb font_container=\u00bbtag:h1|font_size:40px|text_align:center|color:%23102c68&#8243; google_fonts=\u00bbfont_family:Open%20Sans%3A300%2C300italic%2Cregular%2Citalic%2C600%2C600italic%2C700%2C700italic%2C800%2C800italic|font_style:700%20bold%20regular%3A700%3Anormal\u00bb css=\u00bb.vc_custom_1669222727764{padding-right: 100px !important;padding-left: 100px !important;}\u00bb][vc_row_inner][vc_column_inner][vc_column_text font_family=\u00bbOpen Sans\u00bb font_size=\u00bb18px\u00bb css=\u00bb.vc_custom_1669222761177{padding-top: 0px !important;padding-bottom: 0px !important;}\u00bb]\n<p style=\"text-align: center;\">Informaci\u00f3n sobre los remates del Servicio de Administraci\u00f3n Tributaria de Jos\u00e9 L. Ortiz &#8211; SATJLO<\/p>\n[\/vc_column_text][\/vc_column_inner][\/vc_row_inner][\/vc_column][\/vc_row][vc_row][vc_column width=\u00bb1\/2&#8243;][vc_single_image image=\u00bb1039&#8243; img_size=\u00bb300&#215;300&#8243; css_animation=\u00bbbounceIn\u00bb alignment=\u00bbcenter\u00bb style=\u00bbvc_box_circle_2&#8243; css=\u00bb.vc_custom_1669737959967{padding-left: 30px !important;}\u00bb][\/vc_column][vc_column width=\u00bb1\/2&#8243;][vc_tta_accordion style=\u00bbmodern\u00bb shape=\u00bbround\u00bb color=\u00bbturquoise\u00bb c_icon=\u00bbchevron\u00bb active_section=\u00bb2&#8243;][vc_tta_section title=\u00bbPRIMER REMATE\u00bb tab_id=\u00bb1668547511357-59760968-a038&#8243;][vc_row_inner][vc_column_inner][vc_column_text font_family=\u00bbOpen Sans\u00bb font_size=\u00bb18px\u00bb css=\u00bb.vc_custom_1668438237371{padding-top: 20px !important;padding-bottom: 20px !important;}\u00bb]<strong>BASES DEL REMATE P\u00daBLICO DE BIENES INMUEBLES EMBARGADOS \u2013 SATJLO<\/strong>[\/vc_column_text]<div style=\"font-size:18px;\" class=\"vcex-module vcex-bullets custom-icon\">\n<ul>\n<li><div class=\"vcex-bullets-ci-wrap wpex-inline-flex\"><span class=\"vcex-icon-wrap wpex-mr-10\"><span class=\"vcex-icon far fa-file-pdf\" aria-hidden=\"true\" style=\"color:#dd3333;\"><\/span><\/span><div class=\"vcex-content wpex-flex-grow\"><a href=\"https:\/\/www.satjlo.gob.pe\/dashboard\/wp-content\/uploads\/2022\/11\/Bases_1erRematePublicoSATJLO.pdf\" target=\"_blank\" rel=\"noopener\">Bases 1er Remate Publico SATJLO<\/a><\/div><\/div><\/li>\n<\/ul>\n<\/div>[\/vc_column_inner][\/vc_row_inner][\/vc_tta_section][vc_tta_section title=\u00bbSEGUNDO REMATE\u00bb tab_id=\u00bb1668547511357-6dc75fb5-400b\u00bb][vc_row_inner][vc_column_inner][vc_column_text font_family=\u00bbOpen Sans\u00bb font_size=\u00bb18px\u00bb css=\u00bb.vc_custom_1669737792711{padding-top: 20px !important;padding-bottom: 20px !important;}\u00bb]<strong>BASES DEL 2DO REMATE P\u00daBLICO DE BIENES INMUEBLES EMBARGADOS \u2013 SATJLO<\/strong>[\/vc_column_text]<div style=\"font-size:18px;\" class=\"vcex-module vcex-bullets custom-icon\">\n<ul>\n<li><div class=\"vcex-bullets-ci-wrap wpex-inline-flex\"><span class=\"vcex-icon-wrap wpex-mr-10\"><span class=\"vcex-icon far fa-file-pdf\" aria-hidden=\"true\" style=\"color:#dd3333;\"><\/span><\/span><div class=\"vcex-content wpex-flex-grow\"><a href=\"https:\/\/www.satjlo.gob.pe\/dashboard\/wp-content\/uploads\/2022\/11\/BASES_2DOREMATE_06122022.pdf\" target=\"_blank\" rel=\"noopener\">Bases 2do Remate Publico SATJLO<\/a><\/div><\/div><\/li>\n<\/ul>\n<\/div>[\/vc_column_inner][\/vc_row_inner][\/vc_tta_section][\/vc_tta_accordion][\/vc_column][\/vc_row]\n","protected":false},"excerpt":{"rendered":"<p>[vc_row][vc_column][vc_custom_heading text=\u00bbRemates del Servicio de Administraci\u00f3n Tributaria de Jos\u00e9 L. Ortiz\u00bb font_container=\u00bbtag:h1|font_size:40px|text_align:center|color:%23102c68&#8243; google_fonts=\u00bbfont_family:Open%20Sans%3A300%2C300italic%2Cregular%2Citalic%2C600%2C600italic%2C700%2C700italic%2C800%2C800italic|font_style:700%20bold%20regular%3A700%3Anormal\u00bb css=\u00bb.vc_custom_1669222727764{padding-right: 100px !important;padding-left: 100px !important;}\u00bb][vc_row_inner][vc_column_inner][vc_column_text font_family=\u00bbOpen Sans\u00bb font_size=\u00bb18px\u00bb css=\u00bb.vc_custom_1669222761177{padding-top: 0px !important;padding-bottom: 0px !important;}\u00bb] Informaci\u00f3n sobre los remates del Servicio de Administraci\u00f3n Tributaria de Jos\u00e9 L. Ortiz &#8211; SATJLO [\/vc_column_text][\/vc_column_inner][\/vc_row_inner][\/vc_column][\/vc_row][vc_row][vc_column width=\u00bb1\/2&#8243;][vc_single_image image=\u00bb1039&#8243; img_size=\u00bb300&#215;300&#8243; css_animation=\u00bbbounceIn\u00bb alignment=\u00bbcenter\u00bb style=\u00bbvc_box_circle_2&#8243; css=\u00bb.vc_custom_1669737959967{padding-left: 30px !important;}\u00bb][\/vc_column][vc_column width=\u00bb1\/2&#8243;][vc_tta_accordion style=\u00bbmodern\u00bb shape=\u00bbround\u00bb color=\u00bbturquoise\u00bb&hellip;<\/p>\n","protected":false},"author":1,"featured_media":0,"parent":0,"menu_order":0,"comment_status":"closed","ping_status":"closed","template":"templates\/no-sidebar.php","meta":{"footnotes":""},"class_list":["post-1000","page","type-page","status-publish","hentry","entry","no-media"],"_links":{"self":[{"href":"https:\/\/www.satjlo.gob.pe\/dashboard\/wp-json\/wp\/v2\/pages\/1000","targetHints":{"allow":["GET"]}}],"collection":[{"href":"https:\/\/www.satjlo.gob.pe\/dashboard\/wp-json\/wp\/v2\/pages"}],"about":[{"href":"https:\/\/www.satjlo.gob.pe\/dashboard\/wp-json\/wp\/v2\/types\/page"}],"author":[{"embeddable":true,"href":"https:\/\/www.satjlo.gob.pe\/dashboard\/wp-json\/wp\/v2\/users\/1"}],"replies":[{"embeddable":true,"href":"https:\/\/www.satjlo.gob.pe\/dashboard\/wp-json\/wp\/v2\/comments?post=1000"}],"version-history":[{"count":13,"href":"https:\/\/www.satjlo.gob.pe\/dashboard\/wp-json\/wp\/v2\/pages\/1000\/revisions"}],"predecessor-version":[{"id":1131,"href":"https:\/\/www.satjlo.gob.pe\/dashboard\/wp-json\/wp\/v2\/pages\/1000\/revisions\/1131"}],"wp:attachment":[{"href":"https:\/\/www.satjlo.gob.pe\/dashboard\/wp-json\/wp\/v2\/media?parent=1000"}],"curies":[{"name":"wp","href":"https:\/\/api.w.org\/{rel}","templated":true}]}}